{"id":3790,"date":"2022-01-03T19:34:32","date_gmt":"2022-01-03T18:34:32","guid":{"rendered":"https:\/\/pfingstrosen-paradies.de\/?post_type=product&#038;p=3790"},"modified":"2026-01-19T10:04:24","modified_gmt":"2026-01-19T09:04:24","slug":"daedalus","status":"publish","type":"product","link":"https:\/\/pfingstrosen-paradies.de\/en\/shop\/baumpaeonien\/lutea-hybriden\/daedalus\/","title":{"rendered":"Daedalus"},"content":{"rendered":"<p>leuchtend rote, einfache bis halb gef\u00fcllte Bl\u00fcten, leichter Duft, steril, kr\u00e4ftiger gesunder Wuchs mit kr\u00e4ftig gr\u00fcnen Laub, sehr \u00e4hnlich wie die Sorte Boreas, die aber noch etwas schlanker im Habitus ist.\u00a0 Daedalus erreicht ein H\u00f6he von 120-150 cm, und ein Durchmesser der Bl\u00fcte von 20 cm. Das Laub bleibt bis in den Oktober hinein gr\u00fcn, mit leichter Herbstf\u00e4rbung, sodass der Strauch auch nach der Bl\u00fcte noch einen attraktiven Habitus hat.<\/p>","protected":false},"excerpt":{"rendered":"<p>leuchtend rote, einfache bis halb gef\u00fcllte Bl\u00fcten, leichter Duft, steril, kr\u00e4ftiger gesunder Wuchs mit kr\u00e4ftig gr\u00fcnen Laub, sehr \u00e4hnlich wie die Sorte Boreas, die aber noch etwas schlanker im Habitus ist.\u00a0 Daedalus erreicht ein H\u00f6he von 120-150 cm, und ein Durchmesser der Bl\u00fcte von 20 cm. Das Laub bleibt bis in den Oktober hinein gr\u00fcn, [&hellip;]<\/p>\n","protected":false},"featured_media":7236,"template":"","meta":[],"product_brand":[],"product_cat":[36,34],"product_tag":[],"class_list":{"0":"post-3790","1":"product","2":"type-product","3":"status-publish","4":"has-post-thumbnail","6":"product_cat-lutea-hybriden","7":"product_cat-baumpaeonien","9":"first","10":"instock","11":"taxable","12":"shipping-taxable","13":"purchasable","14":"product-type-simple"},"featured_image_urls":{"full":["https:\/\/pfingstrosen-paradies.de\/wp-content\/uploads\/Daedalus-1.jpg",929,622,false],"thumbnail":["https:\/\/pfingstrosen-paradies.de\/wp-content\/uploads\/Daedalus-1-150x150.jpg",150,150,true],"medium":["https:\/\/pfingstrosen-paradies.de\/wp-content\/uploads\/Daedalus-1-300x201.jpg",300,201,true],"medium_large":["https:\/\/pfingstrosen-paradies.de\/wp-content\/uploads\/Daedalus-1-768x514.jpg",768,514,true],"large":["https:\/\/pfingstrosen-paradies.de\/wp-content\/uploads\/Daedalus-1.jpg",929,622,false],"1536x1536":["https:\/\/pfingstrosen-paradies.de\/wp-content\/uploads\/Daedalus-1.jpg",929,622,false],"2048x2048":["https:\/\/pfingstrosen-paradies.de\/wp-content\/uploads\/Daedalus-1.jpg",929,622,false],"trp-custom-language-flag":["https:\/\/pfingstrosen-paradies.de\/wp-content\/uploads\/Daedalus-1-18x12.jpg",18,12,true],"ptam-block-post-grid-landscape":["https:\/\/pfingstrosen-paradies.de\/wp-content\/uploads\/Daedalus-1-600x400.jpg",600,400,true],"ptam-block-post-grid-square":["https:\/\/pfingstrosen-paradies.de\/wp-content\/uploads\/Daedalus-1-600x600.jpg",600,600,true],"ptam-block-post-grid-featured-landscape":["https:\/\/pfingstrosen-paradies.de\/wp-content\/uploads\/Daedalus-1-929x600.jpg",929,600,true],"woocommerce_archive_thumbnail":["https:\/\/pfingstrosen-paradies.de\/wp-content\/uploads\/Daedalus-1-400x350.jpg",400,350,true],"woocommerce_thumbnail":["https:\/\/pfingstrosen-paradies.de\/wp-content\/uploads\/Daedalus-1-400x350.jpg",400,350,true],"woocommerce_single":["https:\/\/pfingstrosen-paradies.de\/wp-content\/uploads\/Daedalus-1.jpg",929,622,false],"woocommerce_gallery_thumbnail":["https:\/\/pfingstrosen-paradies.de\/wp-content\/uploads\/Daedalus-1-100x100.jpg",100,100,true]},"post_excerpt_stackable":"<p>leuchtend rote, einfache bis halb gef\u00fcllte Bl\u00fcten, leichter Duft, steril, kr\u00e4ftiger gesunder Wuchs mit kr\u00e4ftig gr\u00fcnen Laub, sehr \u00e4hnlich wie die Sorte Boreas, die aber noch etwas schlanker im Habitus ist.\u00a0 Daedalus erreicht ein H\u00f6he von 120-150 cm, und ein Durchmesser der Bl\u00fcte von 20 cm. Das Laub bleibt bis in den Oktober hinein gr\u00fcn, mit leichter Herbstf\u00e4rbung, sodass der Strauch auch nach der Bl\u00fcte noch einen attraktiven Habitus hat.<\/p>\n","category_list":"","author_info":{"name":"","url":""},"comments_num":"0 comments","featured_image_urls_v2":{"full":["https:\/\/pfingstrosen-paradies.de\/wp-content\/uploads\/Daedalus-1.jpg",929,622,false],"thumbnail":["https:\/\/pfingstrosen-paradies.de\/wp-content\/uploads\/Daedalus-1-150x150.jpg",150,150,true],"medium":["https:\/\/pfingstrosen-paradies.de\/wp-content\/uploads\/Daedalus-1-300x201.jpg",300,201,true],"medium_large":["https:\/\/pfingstrosen-paradies.de\/wp-content\/uploads\/Daedalus-1-768x514.jpg",768,514,true],"large":["https:\/\/pfingstrosen-paradies.de\/wp-content\/uploads\/Daedalus-1.jpg",929,622,false],"1536x1536":["https:\/\/pfingstrosen-paradies.de\/wp-content\/uploads\/Daedalus-1.jpg",929,622,false],"2048x2048":["https:\/\/pfingstrosen-paradies.de\/wp-content\/uploads\/Daedalus-1.jpg",929,622,false],"trp-custom-language-flag":["https:\/\/pfingstrosen-paradies.de\/wp-content\/uploads\/Daedalus-1-18x12.jpg",18,12,true],"ptam-block-post-grid-landscape":["https:\/\/pfingstrosen-paradies.de\/wp-content\/uploads\/Daedalus-1-600x400.jpg",600,400,true],"ptam-block-post-grid-square":["https:\/\/pfingstrosen-paradies.de\/wp-content\/uploads\/Daedalus-1-600x600.jpg",600,600,true],"ptam-block-post-grid-featured-landscape":["https:\/\/pfingstrosen-paradies.de\/wp-content\/uploads\/Daedalus-1-929x600.jpg",929,600,true],"woocommerce_archive_thumbnail":["https:\/\/pfingstrosen-paradies.de\/wp-content\/uploads\/Daedalus-1-400x350.jpg",400,350,true],"woocommerce_thumbnail":["https:\/\/pfingstrosen-paradies.de\/wp-content\/uploads\/Daedalus-1-400x350.jpg",400,350,true],"woocommerce_single":["https:\/\/pfingstrosen-paradies.de\/wp-content\/uploads\/Daedalus-1.jpg",929,622,false],"woocommerce_gallery_thumbnail":["https:\/\/pfingstrosen-paradies.de\/wp-content\/uploads\/Daedalus-1-100x100.jpg",100,100,true]},"post_excerpt_stackable_v2":"<p>leuchtend rote, einfache bis halb gef\u00fcllte Bl\u00fcten, leichter Duft, steril, kr\u00e4ftiger gesunder Wuchs mit kr\u00e4ftig gr\u00fcnen Laub, sehr \u00e4hnlich wie die Sorte Boreas, die aber noch etwas schlanker im Habitus ist.\u00a0 Daedalus erreicht ein H\u00f6he von 120-150 cm, und ein Durchmesser der Bl\u00fcte von 20 cm. Das Laub bleibt bis in den Oktober hinein gr\u00fcn, mit leichter Herbstf\u00e4rbung, sodass der Strauch auch nach der Bl\u00fcte noch einen attraktiven Habitus hat.<\/p>\n","category_list_v2":"","author_info_v2":{"name":"","url":""},"comments_num_v2":"0 comments","yoast_head":"<!-- This site is optimized with the Yoast SEO plugin v27.3 - https:\/\/yoast.com\/product\/yoast-seo-wordpress\/ -->\n<title>Paeonia &#039;Daedalus&#039; | Pfingstrosen-Paradies Tetzlaff<\/title>\n<meta name=\"description\" content=\"Lutea-Hybriden, Strauchp\u00e4onien | leuchtend rote, einfache bis halb gef\u00fcllte Bl\u00fcten, leichter Duft, steril, kr\u00e4ftiger gesunder Wuchs mit kr\u00e4ftig gr\u00fcnen Laub, sehr \u00e4hnlich wie die Sorte\" \/>\n<meta name=\"robots\" content=\"index, follow, max-snippet:-1, max-image-preview:large, max-video-preview:-1\" \/>\n<link rel=\"canonical\" href=\"https:\/\/pfingstrosen-paradies.de\/en\/shop\/baumpaeonien\/lutea-hybriden\/daedalus\/\" \/>\n<meta property=\"og:locale\" content=\"en_GB\" \/>\n<meta property=\"og:type\" content=\"article\" \/>\n<meta property=\"og:title\" content=\"Paeonia &#039;Daedalus&#039; | Pfingstrosen-Paradies Tetzlaff\" \/>\n<meta property=\"og:description\" content=\"Lutea-Hybriden, Strauchp\u00e4onien | leuchtend rote, einfache bis halb gef\u00fcllte Bl\u00fcten, leichter Duft, steril, kr\u00e4ftiger gesunder Wuchs mit kr\u00e4ftig gr\u00fcnen Laub, sehr \u00e4hnlich wie die Sorte\" \/>\n<meta property=\"og:url\" content=\"https:\/\/pfingstrosen-paradies.de\/en\/shop\/baumpaeonien\/lutea-hybriden\/daedalus\/\" \/>\n<meta property=\"og:site_name\" content=\"Pfingstrosen-Paradies\" \/>\n<meta property=\"article:modified_time\" content=\"2026-01-19T09:04:24+00:00\" \/>\n<meta property=\"og:image\" content=\"https:\/\/pfingstrosen-paradies.de\/wp-content\/uploads\/Daedalus-1.jpg\" \/>\n\t<meta property=\"og:image:width\" content=\"929\" \/>\n\t<meta property=\"og:image:height\" content=\"622\" \/>\n\t<meta property=\"og:image:type\" content=\"image\/jpeg\" \/>\n<meta name=\"twitter:card\" content=\"summary_large_image\" \/>\n<meta name=\"twitter:label1\" content=\"Estimated reading time\" \/>\n\t<meta name=\"twitter:data1\" content=\"1 minute\" \/>\n<script type=\"application\/ld+json\" class=\"yoast-schema-graph\">{\"@context\":\"https:\\\/\\\/schema.org\",\"@graph\":[{\"@type\":\"WebPage\",\"@id\":\"https:\\\/\\\/pfingstrosen-paradies.de\\\/shop\\\/baumpaeonien\\\/lutea-hybriden\\\/daedalus\\\/\",\"url\":\"https:\\\/\\\/pfingstrosen-paradies.de\\\/shop\\\/baumpaeonien\\\/lutea-hybriden\\\/daedalus\\\/\",\"name\":\"Paeonia 'Daedalus' | Pfingstrosen-Paradies Tetzlaff\",\"isPartOf\":{\"@id\":\"https:\\\/\\\/pfingstrosen-paradies.de\\\/#website\"},\"primaryImageOfPage\":{\"@id\":\"https:\\\/\\\/pfingstrosen-paradies.de\\\/shop\\\/baumpaeonien\\\/lutea-hybriden\\\/daedalus\\\/#primaryimage\"},\"image\":{\"@id\":\"https:\\\/\\\/pfingstrosen-paradies.de\\\/shop\\\/baumpaeonien\\\/lutea-hybriden\\\/daedalus\\\/#primaryimage\"},\"thumbnailUrl\":\"https:\\\/\\\/pfingstrosen-paradies.de\\\/wp-content\\\/uploads\\\/Daedalus-1.jpg\",\"datePublished\":\"2022-01-03T18:34:32+00:00\",\"dateModified\":\"2026-01-19T09:04:24+00:00\",\"description\":\"Lutea-Hybriden, Strauchp\u00e4onien | leuchtend rote, einfache bis halb gef\u00fcllte Bl\u00fcten, leichter Duft, steril, kr\u00e4ftiger gesunder Wuchs mit kr\u00e4ftig gr\u00fcnen Laub, sehr \u00e4hnlich wie die Sorte\",\"breadcrumb\":{\"@id\":\"https:\\\/\\\/pfingstrosen-paradies.de\\\/shop\\\/baumpaeonien\\\/lutea-hybriden\\\/daedalus\\\/#breadcrumb\"},\"inLanguage\":\"en-GB\",\"potentialAction\":[{\"@type\":\"ReadAction\",\"target\":[\"https:\\\/\\\/pfingstrosen-paradies.de\\\/shop\\\/baumpaeonien\\\/lutea-hybriden\\\/daedalus\\\/\"]}]},{\"@type\":\"ImageObject\",\"inLanguage\":\"en-GB\",\"@id\":\"https:\\\/\\\/pfingstrosen-paradies.de\\\/shop\\\/baumpaeonien\\\/lutea-hybriden\\\/daedalus\\\/#primaryimage\",\"url\":\"https:\\\/\\\/pfingstrosen-paradies.de\\\/wp-content\\\/uploads\\\/Daedalus-1.jpg\",\"contentUrl\":\"https:\\\/\\\/pfingstrosen-paradies.de\\\/wp-content\\\/uploads\\\/Daedalus-1.jpg\",\"width\":929,\"height\":622,\"caption\":\"Daedalus\"},{\"@type\":\"BreadcrumbList\",\"@id\":\"https:\\\/\\\/pfingstrosen-paradies.de\\\/shop\\\/baumpaeonien\\\/lutea-hybriden\\\/daedalus\\\/#breadcrumb\",\"itemListElement\":[{\"@type\":\"ListItem\",\"position\":1,\"name\":\"Start\",\"item\":\"https:\\\/\\\/pfingstrosen-paradies.de\\\/\"},{\"@type\":\"ListItem\",\"position\":2,\"name\":\"Shop\",\"item\":\"https:\\\/\\\/pfingstrosen-paradies.de\\\/shop\\\/\"},{\"@type\":\"ListItem\",\"position\":3,\"name\":\"Daedalus\"}]},{\"@type\":\"WebSite\",\"@id\":\"https:\\\/\\\/pfingstrosen-paradies.de\\\/#website\",\"url\":\"https:\\\/\\\/pfingstrosen-paradies.de\\\/\",\"name\":\"Pfingstrosen-Paradies\",\"description\":\"Fachg\u00e4rtnerei f\u00fcr Pfingstrosen\",\"publisher\":{\"@id\":\"https:\\\/\\\/pfingstrosen-paradies.de\\\/#organization\"},\"potentialAction\":[{\"@type\":\"SearchAction\",\"target\":{\"@type\":\"EntryPoint\",\"urlTemplate\":\"https:\\\/\\\/pfingstrosen-paradies.de\\\/?s={search_term_string}\"},\"query-input\":{\"@type\":\"PropertyValueSpecification\",\"valueRequired\":true,\"valueName\":\"search_term_string\"}}],\"inLanguage\":\"en-GB\"},{\"@type\":\"Organization\",\"@id\":\"https:\\\/\\\/pfingstrosen-paradies.de\\\/#organization\",\"name\":\"Pfingstrosen-Paradies\",\"url\":\"https:\\\/\\\/pfingstrosen-paradies.de\\\/\",\"logo\":{\"@type\":\"ImageObject\",\"inLanguage\":\"en-GB\",\"@id\":\"https:\\\/\\\/pfingstrosen-paradies.de\\\/#\\\/schema\\\/logo\\\/image\\\/\",\"url\":\"https:\\\/\\\/pfingstrosen-paradies.de\\\/wp-content\\\/uploads\\\/2021\\\/02\\\/logo-pfingstrosen.png\",\"contentUrl\":\"https:\\\/\\\/pfingstrosen-paradies.de\\\/wp-content\\\/uploads\\\/2021\\\/02\\\/logo-pfingstrosen.png\",\"width\":1568,\"height\":366,\"caption\":\"Pfingstrosen-Paradies\"},\"image\":{\"@id\":\"https:\\\/\\\/pfingstrosen-paradies.de\\\/#\\\/schema\\\/logo\\\/image\\\/\"}}]}<\/script>\n<!-- \/ Yoast SEO plugin. -->","yoast_head_json":{"title":"Paeonia 'Daedalus' | Pfingstrosen-Paradies Tetzlaff","description":"Lutea-Hybriden, Strauchp\u00e4onien | leuchtend rote, einfache bis halb gef\u00fcllte Bl\u00fcten, leichter Duft, steril, kr\u00e4ftiger gesunder Wuchs mit kr\u00e4ftig gr\u00fcnen Laub, sehr \u00e4hnlich wie die Sorte","robots":{"index":"index","follow":"follow","max-snippet":"max-snippet:-1","max-image-preview":"max-image-preview:large","max-video-preview":"max-video-preview:-1"},"canonical":"https:\/\/pfingstrosen-paradies.de\/en\/shop\/baumpaeonien\/lutea-hybriden\/daedalus\/","og_locale":"en_GB","og_type":"article","og_title":"Paeonia 'Daedalus' | Pfingstrosen-Paradies Tetzlaff","og_description":"Lutea-Hybriden, Strauchp\u00e4onien | leuchtend rote, einfache bis halb gef\u00fcllte Bl\u00fcten, leichter Duft, steril, kr\u00e4ftiger gesunder Wuchs mit kr\u00e4ftig gr\u00fcnen Laub, sehr \u00e4hnlich wie die Sorte","og_url":"https:\/\/pfingstrosen-paradies.de\/en\/shop\/baumpaeonien\/lutea-hybriden\/daedalus\/","og_site_name":"Pfingstrosen-Paradies","article_modified_time":"2026-01-19T09:04:24+00:00","og_image":[{"width":929,"height":622,"url":"https:\/\/pfingstrosen-paradies.de\/wp-content\/uploads\/Daedalus-1.jpg","type":"image\/jpeg"}],"twitter_card":"summary_large_image","twitter_misc":{"Estimated reading time":"1 minute"},"schema":{"@context":"https:\/\/schema.org","@graph":[{"@type":"WebPage","@id":"https:\/\/pfingstrosen-paradies.de\/shop\/baumpaeonien\/lutea-hybriden\/daedalus\/","url":"https:\/\/pfingstrosen-paradies.de\/shop\/baumpaeonien\/lutea-hybriden\/daedalus\/","name":"Paeonia 'Daedalus' | Pfingstrosen-Paradies Tetzlaff","isPartOf":{"@id":"https:\/\/pfingstrosen-paradies.de\/#website"},"primaryImageOfPage":{"@id":"https:\/\/pfingstrosen-paradies.de\/shop\/baumpaeonien\/lutea-hybriden\/daedalus\/#primaryimage"},"image":{"@id":"https:\/\/pfingstrosen-paradies.de\/shop\/baumpaeonien\/lutea-hybriden\/daedalus\/#primaryimage"},"thumbnailUrl":"https:\/\/pfingstrosen-paradies.de\/wp-content\/uploads\/Daedalus-1.jpg","datePublished":"2022-01-03T18:34:32+00:00","dateModified":"2026-01-19T09:04:24+00:00","description":"Lutea-Hybriden, Strauchp\u00e4onien | leuchtend rote, einfache bis halb gef\u00fcllte Bl\u00fcten, leichter Duft, steril, kr\u00e4ftiger gesunder Wuchs mit kr\u00e4ftig gr\u00fcnen Laub, sehr \u00e4hnlich wie die Sorte","breadcrumb":{"@id":"https:\/\/pfingstrosen-paradies.de\/shop\/baumpaeonien\/lutea-hybriden\/daedalus\/#breadcrumb"},"inLanguage":"en-GB","potentialAction":[{"@type":"ReadAction","target":["https:\/\/pfingstrosen-paradies.de\/shop\/baumpaeonien\/lutea-hybriden\/daedalus\/"]}]},{"@type":"ImageObject","inLanguage":"en-GB","@id":"https:\/\/pfingstrosen-paradies.de\/shop\/baumpaeonien\/lutea-hybriden\/daedalus\/#primaryimage","url":"https:\/\/pfingstrosen-paradies.de\/wp-content\/uploads\/Daedalus-1.jpg","contentUrl":"https:\/\/pfingstrosen-paradies.de\/wp-content\/uploads\/Daedalus-1.jpg","width":929,"height":622,"caption":"Daedalus"},{"@type":"BreadcrumbList","@id":"https:\/\/pfingstrosen-paradies.de\/shop\/baumpaeonien\/lutea-hybriden\/daedalus\/#breadcrumb","itemListElement":[{"@type":"ListItem","position":1,"name":"Start","item":"https:\/\/pfingstrosen-paradies.de\/"},{"@type":"ListItem","position":2,"name":"Shop","item":"https:\/\/pfingstrosen-paradies.de\/shop\/"},{"@type":"ListItem","position":3,"name":"Daedalus"}]},{"@type":"WebSite","@id":"https:\/\/pfingstrosen-paradies.de\/#website","url":"https:\/\/pfingstrosen-paradies.de\/","name":"Pfingstrosen-Paradies","description":"Fachg\u00e4rtnerei f\u00fcr Pfingstrosen","publisher":{"@id":"https:\/\/pfingstrosen-paradies.de\/#organization"},"potentialAction":[{"@type":"SearchAction","target":{"@type":"EntryPoint","urlTemplate":"https:\/\/pfingstrosen-paradies.de\/?s={search_term_string}"},"query-input":{"@type":"PropertyValueSpecification","valueRequired":true,"valueName":"search_term_string"}}],"inLanguage":"en-GB"},{"@type":"Organization","@id":"https:\/\/pfingstrosen-paradies.de\/#organization","name":"Pfingstrosen-Paradies","url":"https:\/\/pfingstrosen-paradies.de\/","logo":{"@type":"ImageObject","inLanguage":"en-GB","@id":"https:\/\/pfingstrosen-paradies.de\/#\/schema\/logo\/image\/","url":"https:\/\/pfingstrosen-paradies.de\/wp-content\/uploads\/2021\/02\/logo-pfingstrosen.png","contentUrl":"https:\/\/pfingstrosen-paradies.de\/wp-content\/uploads\/2021\/02\/logo-pfingstrosen.png","width":1568,"height":366,"caption":"Pfingstrosen-Paradies"},"image":{"@id":"https:\/\/pfingstrosen-paradies.de\/#\/schema\/logo\/image\/"}}]}},"_links":{"self":[{"href":"https:\/\/pfingstrosen-paradies.de\/en\/wp-json\/wp\/v2\/product\/3790","targetHints":{"allow":["GET"]}}],"collection":[{"href":"https:\/\/pfingstrosen-paradies.de\/en\/wp-json\/wp\/v2\/product"}],"about":[{"href":"https:\/\/pfingstrosen-paradies.de\/en\/wp-json\/wp\/v2\/types\/product"}],"wp:featuredmedia":[{"embeddable":true,"href":"https:\/\/pfingstrosen-paradies.de\/en\/wp-json\/wp\/v2\/media\/7236"}],"wp:attachment":[{"href":"https:\/\/pfingstrosen-paradies.de\/en\/wp-json\/wp\/v2\/media?parent=3790"}],"wp:term":[{"taxonomy":"product_brand","embeddable":true,"href":"https:\/\/pfingstrosen-paradies.de\/en\/wp-json\/wp\/v2\/product_brand?post=3790"},{"taxonomy":"product_cat","embeddable":true,"href":"https:\/\/pfingstrosen-paradies.de\/en\/wp-json\/wp\/v2\/product_cat?post=3790"},{"taxonomy":"product_tag","embeddable":true,"href":"https:\/\/pfingstrosen-paradies.de\/en\/wp-json\/wp\/v2\/product_tag?post=3790"}],"curies":[{"name":"wp","href":"https:\/\/api.w.org\/{rel}","templated":true}]}}