{"id":3950,"date":"2022-01-04T17:03:44","date_gmt":"2022-01-04T16:03:44","guid":{"rendered":"https:\/\/pfingstrosen-paradies.de\/?post_type=product&#038;p=3950"},"modified":"2026-04-30T22:00:35","modified_gmt":"2026-04-30T20:00:35","slug":"golden-anniversary","status":"publish","type":"product","link":"https:\/\/pfingstrosen-paradies.de\/en\/shop\/baumpaeonien\/lutea-hybriden\/golden-anniversary\/","title":{"rendered":"Golden Anniversary"},"content":{"rendered":"<p>Viele Jahre waren wir auf der Suche nach einer w\u00fcchsigen, standfesten, orange gef\u00fcllten Strauchpfingstrose. Die Neuseel\u00e4ndische Sorte &#8218;Golden Anniversary&#8216; des Z\u00fcchters McFarlane erf\u00fcllt alle diese Kriterien und hat uns mehr als \u00fcberzeugt. Wir bezogen diese Pflanze vor vielen Jahren direkt aus Neuseeland. Bislang wurde sie nie vermarktet und scheint bei keinem Pfingstrosenanbauer weltweit im Sortiment zu sein.<\/p>\n<p>Die Bl\u00fcten sind dicht gef\u00fcllt, orange-gelb mit roten Adern durchzogen und stehen straff aufrecht! Eine Wuchsh\u00f6he von ca. 150 cm machen diese P\u00e4onie zu einem wirklichen Hingucker in jedem Garten. Setzt bei gezielter Handbest\u00e4ubung vereinzelt Samen an!<\/p>","protected":false},"excerpt":{"rendered":"<p>Viele Jahre waren wir auf der Suche nach einer w\u00fcchsigen, standfesten, orange gef\u00fcllten Strauchpfingstrose. Die Neuseel\u00e4ndische Sorte &#8218;Golden Anniversary&#8216; des Z\u00fcchters McFarlane erf\u00fcllt alle diese Kriterien und hat uns mehr als \u00fcberzeugt. Wir bezogen diese Pflanze vor vielen Jahren direkt aus Neuseeland. Bislang wurde sie nie vermarktet und scheint bei keinem Pfingstrosenanbauer weltweit im Sortiment [&hellip;]<\/p>\n","protected":false},"featured_media":4129,"template":"","meta":[],"product_brand":[],"product_cat":[36,45,34,121],"product_tag":[],"class_list":{"0":"post-3950","1":"product","2":"type-product","3":"status-publish","4":"has-post-thumbnail","6":"product_cat-lutea-hybriden","7":"product_cat-neu-im-sortiment","8":"product_cat-baumpaeonien","9":"product_cat-unsere-lieblingssorten","11":"first","12":"instock","13":"taxable","14":"shipping-taxable","15":"purchasable","16":"product-type-simple"},"featured_image_urls":{"full":["https:\/\/pfingstrosen-paradies.de\/wp-content\/uploads\/Tipene-Nzl-10-2.jpg",1280,1023,false],"thumbnail":["https:\/\/pfingstrosen-paradies.de\/wp-content\/uploads\/Tipene-Nzl-10-2-150x150.jpg",150,150,true],"medium":["https:\/\/pfingstrosen-paradies.de\/wp-content\/uploads\/Tipene-Nzl-10-2-300x240.jpg",300,240,true],"medium_large":["https:\/\/pfingstrosen-paradies.de\/wp-content\/uploads\/Tipene-Nzl-10-2-768x614.jpg",768,614,true],"large":["https:\/\/pfingstrosen-paradies.de\/wp-content\/uploads\/Tipene-Nzl-10-2-1024x818.jpg",1024,818,true],"1536x1536":["https:\/\/pfingstrosen-paradies.de\/wp-content\/uploads\/Tipene-Nzl-10-2.jpg",1280,1023,false],"2048x2048":["https:\/\/pfingstrosen-paradies.de\/wp-content\/uploads\/Tipene-Nzl-10-2.jpg",1280,1023,false],"trp-custom-language-flag":["https:\/\/pfingstrosen-paradies.de\/wp-content\/uploads\/Tipene-Nzl-10-2-15x12.jpg",15,12,true],"ptam-block-post-grid-landscape":["https:\/\/pfingstrosen-paradies.de\/wp-content\/uploads\/Tipene-Nzl-10-2-600x400.jpg",600,400,true],"ptam-block-post-grid-square":["https:\/\/pfingstrosen-paradies.de\/wp-content\/uploads\/Tipene-Nzl-10-2-600x600.jpg",600,600,true],"ptam-block-post-grid-featured-landscape":["https:\/\/pfingstrosen-paradies.de\/wp-content\/uploads\/Tipene-Nzl-10-2-1000x600.jpg",1000,600,true],"woocommerce_archive_thumbnail":["https:\/\/pfingstrosen-paradies.de\/wp-content\/uploads\/Tipene-Nzl-10-2-400x350.jpg",400,350,true],"woocommerce_thumbnail":["https:\/\/pfingstrosen-paradies.de\/wp-content\/uploads\/Tipene-Nzl-10-2-400x350.jpg",400,350,true],"woocommerce_single":["https:\/\/pfingstrosen-paradies.de\/wp-content\/uploads\/Tipene-Nzl-10-2-1200x959.jpg",1200,959,true],"woocommerce_gallery_thumbnail":["https:\/\/pfingstrosen-paradies.de\/wp-content\/uploads\/Tipene-Nzl-10-2-100x100.jpg",100,100,true]},"post_excerpt_stackable":"<p>Viele Jahre waren wir auf der Suche nach einer w\u00fcchsigen, standfesten, orange gef\u00fcllten Strauchpfingstrose. Die Neuseel\u00e4ndische Sorte &#8218;Golden Anniversary&#8216; des Z\u00fcchters McFarlane erf\u00fcllt alle diese Kriterien und hat uns mehr als \u00fcberzeugt. Wir bezogen diese Pflanze vor vielen Jahren direkt aus Neuseeland. Bislang wurde sie nie vermarktet und scheint bei keinem Pfingstrosenanbauer weltweit im Sortiment zu sein. Die Bl\u00fcten sind dicht gef\u00fcllt, orange-gelb mit roten Adern durchzogen und stehen straff aufrecht! Eine Wuchsh\u00f6he von ca. 150 cm machen diese P\u00e4onie zu einem wirklichen Hingucker in jedem Garten. Setzt bei gezielter Handbest\u00e4ubung vereinzelt Samen an!<\/p>\n","category_list":"","author_info":{"name":"","url":""},"comments_num":"0 comments","featured_image_urls_v2":{"full":["https:\/\/pfingstrosen-paradies.de\/wp-content\/uploads\/Tipene-Nzl-10-2.jpg",1280,1023,false],"thumbnail":["https:\/\/pfingstrosen-paradies.de\/wp-content\/uploads\/Tipene-Nzl-10-2-150x150.jpg",150,150,true],"medium":["https:\/\/pfingstrosen-paradies.de\/wp-content\/uploads\/Tipene-Nzl-10-2-300x240.jpg",300,240,true],"medium_large":["https:\/\/pfingstrosen-paradies.de\/wp-content\/uploads\/Tipene-Nzl-10-2-768x614.jpg",768,614,true],"large":["https:\/\/pfingstrosen-paradies.de\/wp-content\/uploads\/Tipene-Nzl-10-2-1024x818.jpg",1024,818,true],"1536x1536":["https:\/\/pfingstrosen-paradies.de\/wp-content\/uploads\/Tipene-Nzl-10-2.jpg",1280,1023,false],"2048x2048":["https:\/\/pfingstrosen-paradies.de\/wp-content\/uploads\/Tipene-Nzl-10-2.jpg",1280,1023,false],"trp-custom-language-flag":["https:\/\/pfingstrosen-paradies.de\/wp-content\/uploads\/Tipene-Nzl-10-2-15x12.jpg",15,12,true],"ptam-block-post-grid-landscape":["https:\/\/pfingstrosen-paradies.de\/wp-content\/uploads\/Tipene-Nzl-10-2-600x400.jpg",600,400,true],"ptam-block-post-grid-square":["https:\/\/pfingstrosen-paradies.de\/wp-content\/uploads\/Tipene-Nzl-10-2-600x600.jpg",600,600,true],"ptam-block-post-grid-featured-landscape":["https:\/\/pfingstrosen-paradies.de\/wp-content\/uploads\/Tipene-Nzl-10-2-1000x600.jpg",1000,600,true],"woocommerce_archive_thumbnail":["https:\/\/pfingstrosen-paradies.de\/wp-content\/uploads\/Tipene-Nzl-10-2-400x350.jpg",400,350,true],"woocommerce_thumbnail":["https:\/\/pfingstrosen-paradies.de\/wp-content\/uploads\/Tipene-Nzl-10-2-400x350.jpg",400,350,true],"woocommerce_single":["https:\/\/pfingstrosen-paradies.de\/wp-content\/uploads\/Tipene-Nzl-10-2-1200x959.jpg",1200,959,true],"woocommerce_gallery_thumbnail":["https:\/\/pfingstrosen-paradies.de\/wp-content\/uploads\/Tipene-Nzl-10-2-100x100.jpg",100,100,true]},"post_excerpt_stackable_v2":"<p>Viele Jahre waren wir auf der Suche nach einer w\u00fcchsigen, standfesten, orange gef\u00fcllten Strauchpfingstrose. Die Neuseel\u00e4ndische Sorte &#8218;Golden Anniversary&#8216; des Z\u00fcchters McFarlane erf\u00fcllt alle diese Kriterien und hat uns mehr als \u00fcberzeugt. Wir bezogen diese Pflanze vor vielen Jahren direkt aus Neuseeland. Bislang wurde sie nie vermarktet und scheint bei keinem Pfingstrosenanbauer weltweit im Sortiment zu sein. Die Bl\u00fcten sind dicht gef\u00fcllt, orange-gelb mit roten Adern durchzogen und stehen straff aufrecht! Eine Wuchsh\u00f6he von ca. 150 cm machen diese P\u00e4onie zu einem wirklichen Hingucker in jedem Garten. Setzt bei gezielter Handbest\u00e4ubung vereinzelt Samen an!<\/p>\n","category_list_v2":"","author_info_v2":{"name":"","url":""},"comments_num_v2":"0 comments","yoast_head":"<!-- This site is optimized with the Yoast SEO plugin v27.3 - https:\/\/yoast.com\/product\/yoast-seo-wordpress\/ -->\n<title>Paeonia &#039;Golden Anniversary&#039; | Pfingstrosen-Paradies Tetzlaff<\/title>\n<meta name=\"description\" content=\"Lutea-Hybriden, Neuheiten, Strauchp\u00e4onien, Unsere Lieblingssorten | Viele Jahre waren wir auf der Suche nach einer w\u00fcchsigen, standfesten, orange gef\u00fcllten Strauchpfingstrose. Die Neuseel\u00e4ndische Sorte &#039;Golden Anniversary&#039;\" \/>\n<meta name=\"robots\" content=\"index, follow, max-snippet:-1, max-image-preview:large, max-video-preview:-1\" \/>\n<link rel=\"canonical\" href=\"https:\/\/pfingstrosen-paradies.de\/en\/shop\/baumpaeonien\/lutea-hybriden\/golden-anniversary\/\" \/>\n<meta property=\"og:locale\" content=\"en_GB\" \/>\n<meta property=\"og:type\" content=\"article\" \/>\n<meta property=\"og:title\" content=\"Paeonia &#039;Golden Anniversary&#039; | Pfingstrosen-Paradies Tetzlaff\" \/>\n<meta property=\"og:description\" content=\"Lutea-Hybriden, Neuheiten, Strauchp\u00e4onien, Unsere Lieblingssorten | Viele Jahre waren wir auf der Suche nach einer w\u00fcchsigen, standfesten, orange gef\u00fcllten Strauchpfingstrose. Die Neuseel\u00e4ndische Sorte &#039;Golden Anniversary&#039;\" \/>\n<meta property=\"og:url\" content=\"https:\/\/pfingstrosen-paradies.de\/en\/shop\/baumpaeonien\/lutea-hybriden\/golden-anniversary\/\" \/>\n<meta property=\"og:site_name\" content=\"Pfingstrosen-Paradies\" \/>\n<meta property=\"article:modified_time\" content=\"2026-04-30T20:00:35+00:00\" \/>\n<meta property=\"og:image\" content=\"https:\/\/pfingstrosen-paradies.de\/wp-content\/uploads\/Tipene-Nzl-10-2.jpg\" \/>\n\t<meta property=\"og:image:width\" content=\"1280\" \/>\n\t<meta property=\"og:image:height\" content=\"1023\" \/>\n\t<meta property=\"og:image:type\" content=\"image\/jpeg\" \/>\n<meta name=\"twitter:card\" content=\"summary_large_image\" \/>\n<meta name=\"twitter:label1\" content=\"Estimated reading time\" \/>\n\t<meta name=\"twitter:data1\" content=\"1 minute\" \/>\n<script type=\"application\/ld+json\" class=\"yoast-schema-graph\">{\"@context\":\"https:\\\/\\\/schema.org\",\"@graph\":[{\"@type\":\"WebPage\",\"@id\":\"https:\\\/\\\/pfingstrosen-paradies.de\\\/shop\\\/baumpaeonien\\\/lutea-hybriden\\\/golden-anniversary\\\/\",\"url\":\"https:\\\/\\\/pfingstrosen-paradies.de\\\/shop\\\/baumpaeonien\\\/lutea-hybriden\\\/golden-anniversary\\\/\",\"name\":\"Paeonia 'Golden Anniversary' | Pfingstrosen-Paradies Tetzlaff\",\"isPartOf\":{\"@id\":\"https:\\\/\\\/pfingstrosen-paradies.de\\\/#website\"},\"primaryImageOfPage\":{\"@id\":\"https:\\\/\\\/pfingstrosen-paradies.de\\\/shop\\\/baumpaeonien\\\/lutea-hybriden\\\/golden-anniversary\\\/#primaryimage\"},\"image\":{\"@id\":\"https:\\\/\\\/pfingstrosen-paradies.de\\\/shop\\\/baumpaeonien\\\/lutea-hybriden\\\/golden-anniversary\\\/#primaryimage\"},\"thumbnailUrl\":\"https:\\\/\\\/pfingstrosen-paradies.de\\\/wp-content\\\/uploads\\\/Tipene-Nzl-10-2.jpg\",\"datePublished\":\"2022-01-04T16:03:44+00:00\",\"dateModified\":\"2026-04-30T20:00:35+00:00\",\"description\":\"Lutea-Hybriden, Neuheiten, Strauchp\u00e4onien, Unsere Lieblingssorten | Viele Jahre waren wir auf der Suche nach einer w\u00fcchsigen, standfesten, orange gef\u00fcllten Strauchpfingstrose. Die Neuseel\u00e4ndische Sorte 'Golden Anniversary'\",\"breadcrumb\":{\"@id\":\"https:\\\/\\\/pfingstrosen-paradies.de\\\/shop\\\/baumpaeonien\\\/lutea-hybriden\\\/golden-anniversary\\\/#breadcrumb\"},\"inLanguage\":\"en-GB\",\"potentialAction\":[{\"@type\":\"ReadAction\",\"target\":[\"https:\\\/\\\/pfingstrosen-paradies.de\\\/shop\\\/baumpaeonien\\\/lutea-hybriden\\\/golden-anniversary\\\/\"]}]},{\"@type\":\"ImageObject\",\"inLanguage\":\"en-GB\",\"@id\":\"https:\\\/\\\/pfingstrosen-paradies.de\\\/shop\\\/baumpaeonien\\\/lutea-hybriden\\\/golden-anniversary\\\/#primaryimage\",\"url\":\"https:\\\/\\\/pfingstrosen-paradies.de\\\/wp-content\\\/uploads\\\/Tipene-Nzl-10-2.jpg\",\"contentUrl\":\"https:\\\/\\\/pfingstrosen-paradies.de\\\/wp-content\\\/uploads\\\/Tipene-Nzl-10-2.jpg\",\"width\":1280,\"height\":1023,\"caption\":\"Golden Anniversary\"},{\"@type\":\"BreadcrumbList\",\"@id\":\"https:\\\/\\\/pfingstrosen-paradies.de\\\/shop\\\/baumpaeonien\\\/lutea-hybriden\\\/golden-anniversary\\\/#breadcrumb\",\"itemListElement\":[{\"@type\":\"ListItem\",\"position\":1,\"name\":\"Start\",\"item\":\"https:\\\/\\\/pfingstrosen-paradies.de\\\/\"},{\"@type\":\"ListItem\",\"position\":2,\"name\":\"Shop\",\"item\":\"https:\\\/\\\/pfingstrosen-paradies.de\\\/shop\\\/\"},{\"@type\":\"ListItem\",\"position\":3,\"name\":\"Golden Anniversary\"}]},{\"@type\":\"WebSite\",\"@id\":\"https:\\\/\\\/pfingstrosen-paradies.de\\\/#website\",\"url\":\"https:\\\/\\\/pfingstrosen-paradies.de\\\/\",\"name\":\"Pfingstrosen-Paradies\",\"description\":\"Fachg\u00e4rtnerei f\u00fcr Pfingstrosen\",\"publisher\":{\"@id\":\"https:\\\/\\\/pfingstrosen-paradies.de\\\/#organization\"},\"potentialAction\":[{\"@type\":\"SearchAction\",\"target\":{\"@type\":\"EntryPoint\",\"urlTemplate\":\"https:\\\/\\\/pfingstrosen-paradies.de\\\/?s={search_term_string}\"},\"query-input\":{\"@type\":\"PropertyValueSpecification\",\"valueRequired\":true,\"valueName\":\"search_term_string\"}}],\"inLanguage\":\"en-GB\"},{\"@type\":\"Organization\",\"@id\":\"https:\\\/\\\/pfingstrosen-paradies.de\\\/#organization\",\"name\":\"Pfingstrosen-Paradies\",\"url\":\"https:\\\/\\\/pfingstrosen-paradies.de\\\/\",\"logo\":{\"@type\":\"ImageObject\",\"inLanguage\":\"en-GB\",\"@id\":\"https:\\\/\\\/pfingstrosen-paradies.de\\\/#\\\/schema\\\/logo\\\/image\\\/\",\"url\":\"https:\\\/\\\/pfingstrosen-paradies.de\\\/wp-content\\\/uploads\\\/2021\\\/02\\\/logo-pfingstrosen.png\",\"contentUrl\":\"https:\\\/\\\/pfingstrosen-paradies.de\\\/wp-content\\\/uploads\\\/2021\\\/02\\\/logo-pfingstrosen.png\",\"width\":1568,\"height\":366,\"caption\":\"Pfingstrosen-Paradies\"},\"image\":{\"@id\":\"https:\\\/\\\/pfingstrosen-paradies.de\\\/#\\\/schema\\\/logo\\\/image\\\/\"}}]}<\/script>\n<!-- \/ Yoast SEO plugin. -->","yoast_head_json":{"title":"Paeonia 'Golden Anniversary' | Pfingstrosen-Paradies Tetzlaff","description":"Lutea-Hybriden, Neuheiten, Strauchp\u00e4onien, Unsere Lieblingssorten | Viele Jahre waren wir auf der Suche nach einer w\u00fcchsigen, standfesten, orange gef\u00fcllten Strauchpfingstrose. Die Neuseel\u00e4ndische Sorte 'Golden Anniversary'","robots":{"index":"index","follow":"follow","max-snippet":"max-snippet:-1","max-image-preview":"max-image-preview:large","max-video-preview":"max-video-preview:-1"},"canonical":"https:\/\/pfingstrosen-paradies.de\/en\/shop\/baumpaeonien\/lutea-hybriden\/golden-anniversary\/","og_locale":"en_GB","og_type":"article","og_title":"Paeonia 'Golden Anniversary' | Pfingstrosen-Paradies Tetzlaff","og_description":"Lutea-Hybriden, Neuheiten, Strauchp\u00e4onien, Unsere Lieblingssorten | Viele Jahre waren wir auf der Suche nach einer w\u00fcchsigen, standfesten, orange gef\u00fcllten Strauchpfingstrose. Die Neuseel\u00e4ndische Sorte 'Golden Anniversary'","og_url":"https:\/\/pfingstrosen-paradies.de\/en\/shop\/baumpaeonien\/lutea-hybriden\/golden-anniversary\/","og_site_name":"Pfingstrosen-Paradies","article_modified_time":"2026-04-30T20:00:35+00:00","og_image":[{"width":1280,"height":1023,"url":"https:\/\/pfingstrosen-paradies.de\/wp-content\/uploads\/Tipene-Nzl-10-2.jpg","type":"image\/jpeg"}],"twitter_card":"summary_large_image","twitter_misc":{"Estimated reading time":"1 minute"},"schema":{"@context":"https:\/\/schema.org","@graph":[{"@type":"WebPage","@id":"https:\/\/pfingstrosen-paradies.de\/shop\/baumpaeonien\/lutea-hybriden\/golden-anniversary\/","url":"https:\/\/pfingstrosen-paradies.de\/shop\/baumpaeonien\/lutea-hybriden\/golden-anniversary\/","name":"Paeonia 'Golden Anniversary' | Pfingstrosen-Paradies Tetzlaff","isPartOf":{"@id":"https:\/\/pfingstrosen-paradies.de\/#website"},"primaryImageOfPage":{"@id":"https:\/\/pfingstrosen-paradies.de\/shop\/baumpaeonien\/lutea-hybriden\/golden-anniversary\/#primaryimage"},"image":{"@id":"https:\/\/pfingstrosen-paradies.de\/shop\/baumpaeonien\/lutea-hybriden\/golden-anniversary\/#primaryimage"},"thumbnailUrl":"https:\/\/pfingstrosen-paradies.de\/wp-content\/uploads\/Tipene-Nzl-10-2.jpg","datePublished":"2022-01-04T16:03:44+00:00","dateModified":"2026-04-30T20:00:35+00:00","description":"Lutea-Hybriden, Neuheiten, Strauchp\u00e4onien, Unsere Lieblingssorten | Viele Jahre waren wir auf der Suche nach einer w\u00fcchsigen, standfesten, orange gef\u00fcllten Strauchpfingstrose. Die Neuseel\u00e4ndische Sorte 'Golden Anniversary'","breadcrumb":{"@id":"https:\/\/pfingstrosen-paradies.de\/shop\/baumpaeonien\/lutea-hybriden\/golden-anniversary\/#breadcrumb"},"inLanguage":"en-GB","potentialAction":[{"@type":"ReadAction","target":["https:\/\/pfingstrosen-paradies.de\/shop\/baumpaeonien\/lutea-hybriden\/golden-anniversary\/"]}]},{"@type":"ImageObject","inLanguage":"en-GB","@id":"https:\/\/pfingstrosen-paradies.de\/shop\/baumpaeonien\/lutea-hybriden\/golden-anniversary\/#primaryimage","url":"https:\/\/pfingstrosen-paradies.de\/wp-content\/uploads\/Tipene-Nzl-10-2.jpg","contentUrl":"https:\/\/pfingstrosen-paradies.de\/wp-content\/uploads\/Tipene-Nzl-10-2.jpg","width":1280,"height":1023,"caption":"Golden Anniversary"},{"@type":"BreadcrumbList","@id":"https:\/\/pfingstrosen-paradies.de\/shop\/baumpaeonien\/lutea-hybriden\/golden-anniversary\/#breadcrumb","itemListElement":[{"@type":"ListItem","position":1,"name":"Start","item":"https:\/\/pfingstrosen-paradies.de\/"},{"@type":"ListItem","position":2,"name":"Shop","item":"https:\/\/pfingstrosen-paradies.de\/shop\/"},{"@type":"ListItem","position":3,"name":"Golden Anniversary"}]},{"@type":"WebSite","@id":"https:\/\/pfingstrosen-paradies.de\/#website","url":"https:\/\/pfingstrosen-paradies.de\/","name":"Pfingstrosen-Paradies","description":"Fachg\u00e4rtnerei f\u00fcr Pfingstrosen","publisher":{"@id":"https:\/\/pfingstrosen-paradies.de\/#organization"},"potentialAction":[{"@type":"SearchAction","target":{"@type":"EntryPoint","urlTemplate":"https:\/\/pfingstrosen-paradies.de\/?s={search_term_string}"},"query-input":{"@type":"PropertyValueSpecification","valueRequired":true,"valueName":"search_term_string"}}],"inLanguage":"en-GB"},{"@type":"Organization","@id":"https:\/\/pfingstrosen-paradies.de\/#organization","name":"Pfingstrosen-Paradies","url":"https:\/\/pfingstrosen-paradies.de\/","logo":{"@type":"ImageObject","inLanguage":"en-GB","@id":"https:\/\/pfingstrosen-paradies.de\/#\/schema\/logo\/image\/","url":"https:\/\/pfingstrosen-paradies.de\/wp-content\/uploads\/2021\/02\/logo-pfingstrosen.png","contentUrl":"https:\/\/pfingstrosen-paradies.de\/wp-content\/uploads\/2021\/02\/logo-pfingstrosen.png","width":1568,"height":366,"caption":"Pfingstrosen-Paradies"},"image":{"@id":"https:\/\/pfingstrosen-paradies.de\/#\/schema\/logo\/image\/"}}]}},"_links":{"self":[{"href":"https:\/\/pfingstrosen-paradies.de\/en\/wp-json\/wp\/v2\/product\/3950","targetHints":{"allow":["GET"]}}],"collection":[{"href":"https:\/\/pfingstrosen-paradies.de\/en\/wp-json\/wp\/v2\/product"}],"about":[{"href":"https:\/\/pfingstrosen-paradies.de\/en\/wp-json\/wp\/v2\/types\/product"}],"wp:featuredmedia":[{"embeddable":true,"href":"https:\/\/pfingstrosen-paradies.de\/en\/wp-json\/wp\/v2\/media\/4129"}],"wp:attachment":[{"href":"https:\/\/pfingstrosen-paradies.de\/en\/wp-json\/wp\/v2\/media?parent=3950"}],"wp:term":[{"taxonomy":"product_brand","embeddable":true,"href":"https:\/\/pfingstrosen-paradies.de\/en\/wp-json\/wp\/v2\/product_brand?post=3950"},{"taxonomy":"product_cat","embeddable":true,"href":"https:\/\/pfingstrosen-paradies.de\/en\/wp-json\/wp\/v2\/product_cat?post=3950"},{"taxonomy":"product_tag","embeddable":true,"href":"https:\/\/pfingstrosen-paradies.de\/en\/wp-json\/wp\/v2\/product_tag?post=3950"}],"curies":[{"name":"wp","href":"https:\/\/api.w.org\/{rel}","templated":true}]}}