{"id":4072,"date":"2022-01-04T20:13:29","date_gmt":"2022-01-04T19:13:29","guid":{"rendered":"https:\/\/pfingstrosen-paradies.de\/?post_type=product&#038;p=4072"},"modified":"2022-07-18T17:00:54","modified_gmt":"2022-07-18T15:00:54","slug":"p-delavayi-rot","status":"publish","type":"product","link":"https:\/\/pfingstrosen-paradies.de\/en\/shop\/baumpaeonien\/strauch-wildarten\/p-delavayi-rot\/","title":{"rendered":"P. delavayi &#8218;Rot&#8216;"},"content":{"rendered":"<p>Wildart mit einfachen Bl\u00fcten, zahlreiche Farbschl\u00e4ge von orange, leuchtend rot bis schwarzrot, kr\u00e4ftig, gut verzweigter Wuchs, stark geschlitztes Laub, Pflanze breit wachsend, da Triebe bogig \u00fcberh\u00e4ngend, Bl\u00fcten klein, nickend und immer in Dreiergruppen bl\u00fchend, delavayi besitzt die Neigung zu Ausl\u00e4uferbildung, H\u00f6he 1,5 m<\/p>","protected":false},"excerpt":{"rendered":"<p>Wildart mit einfachen Bl\u00fcten, zahlreiche Farbschl\u00e4ge von orange, leuchtend rot bis schwarzrot, kr\u00e4ftig, gut verzweigter Wuchs, stark geschlitztes Laub, Pflanze breit wachsend, da Triebe bogig \u00fcberh\u00e4ngend, Bl\u00fcten klein, nickend und immer in Dreiergruppen bl\u00fchend, delavayi besitzt die Neigung zu Ausl\u00e4uferbildung, H\u00f6he 1,5 m<\/p>","protected":false},"featured_media":4488,"template":"","meta":[],"product_brand":[],"product_cat":[34,89,46],"product_tag":[],"class_list":{"0":"post-4072","1":"product","2":"type-product","3":"status-publish","4":"has-post-thumbnail","6":"product_cat-baumpaeonien","7":"product_cat-strauch-wildarten","8":"product_cat-wildarten","10":"first","11":"outofstock","12":"taxable","13":"shipping-taxable","14":"product-type-simple"},"featured_image_urls":{"full":["https:\/\/pfingstrosen-paradies.de\/wp-content\/uploads\/P.-delavayi-rot-3.jpg",1280,960,false],"thumbnail":["https:\/\/pfingstrosen-paradies.de\/wp-content\/uploads\/P.-delavayi-rot-3-150x150.jpg",150,150,true],"medium":["https:\/\/pfingstrosen-paradies.de\/wp-content\/uploads\/P.-delavayi-rot-3-300x225.jpg",300,225,true],"medium_large":["https:\/\/pfingstrosen-paradies.de\/wp-content\/uploads\/P.-delavayi-rot-3-768x576.jpg",768,576,true],"large":["https:\/\/pfingstrosen-paradies.de\/wp-content\/uploads\/P.-delavayi-rot-3-1024x768.jpg",1024,768,true],"1536x1536":["https:\/\/pfingstrosen-paradies.de\/wp-content\/uploads\/P.-delavayi-rot-3.jpg",1280,960,false],"2048x2048":["https:\/\/pfingstrosen-paradies.de\/wp-content\/uploads\/P.-delavayi-rot-3.jpg",1280,960,false],"trp-custom-language-flag":["https:\/\/pfingstrosen-paradies.de\/wp-content\/uploads\/P.-delavayi-rot-3-16x12.jpg",16,12,true],"ptam-block-post-grid-landscape":["https:\/\/pfingstrosen-paradies.de\/wp-content\/uploads\/P.-delavayi-rot-3-600x400.jpg",600,400,true],"ptam-block-post-grid-square":["https:\/\/pfingstrosen-paradies.de\/wp-content\/uploads\/P.-delavayi-rot-3-600x600.jpg",600,600,true],"ptam-block-post-grid-featured-landscape":["https:\/\/pfingstrosen-paradies.de\/wp-content\/uploads\/P.-delavayi-rot-3-1000x600.jpg",1000,600,true],"woocommerce_archive_thumbnail":["https:\/\/pfingstrosen-paradies.de\/wp-content\/uploads\/P.-delavayi-rot-3-400x350.jpg",400,350,true],"woocommerce_thumbnail":["https:\/\/pfingstrosen-paradies.de\/wp-content\/uploads\/P.-delavayi-rot-3-400x350.jpg",400,350,true],"woocommerce_single":["https:\/\/pfingstrosen-paradies.de\/wp-content\/uploads\/P.-delavayi-rot-3-1200x900.jpg",1200,900,true],"woocommerce_gallery_thumbnail":["https:\/\/pfingstrosen-paradies.de\/wp-content\/uploads\/P.-delavayi-rot-3-100x100.jpg",100,100,true]},"post_excerpt_stackable":"<p>Wildart mit einfachen Bl\u00fcten, zahlreiche Farbschl\u00e4ge von orange, leuchtend rot bis schwarzrot, kr\u00e4ftig, gut verzweigter Wuchs, stark geschlitztes Laub, Pflanze breit wachsend, da Triebe bogig \u00fcberh\u00e4ngend, Bl\u00fcten klein, nickend und immer in Dreiergruppen bl\u00fchend, delavayi besitzt die Neigung zu Ausl\u00e4uferbildung, H\u00f6he 1,5 m<\/p>\n","category_list":"","author_info":{"name":"","url":""},"comments_num":"0 comments","featured_image_urls_v2":{"full":["https:\/\/pfingstrosen-paradies.de\/wp-content\/uploads\/P.-delavayi-rot-3.jpg",1280,960,false],"thumbnail":["https:\/\/pfingstrosen-paradies.de\/wp-content\/uploads\/P.-delavayi-rot-3-150x150.jpg",150,150,true],"medium":["https:\/\/pfingstrosen-paradies.de\/wp-content\/uploads\/P.-delavayi-rot-3-300x225.jpg",300,225,true],"medium_large":["https:\/\/pfingstrosen-paradies.de\/wp-content\/uploads\/P.-delavayi-rot-3-768x576.jpg",768,576,true],"large":["https:\/\/pfingstrosen-paradies.de\/wp-content\/uploads\/P.-delavayi-rot-3-1024x768.jpg",1024,768,true],"1536x1536":["https:\/\/pfingstrosen-paradies.de\/wp-content\/uploads\/P.-delavayi-rot-3.jpg",1280,960,false],"2048x2048":["https:\/\/pfingstrosen-paradies.de\/wp-content\/uploads\/P.-delavayi-rot-3.jpg",1280,960,false],"trp-custom-language-flag":["https:\/\/pfingstrosen-paradies.de\/wp-content\/uploads\/P.-delavayi-rot-3-16x12.jpg",16,12,true],"ptam-block-post-grid-landscape":["https:\/\/pfingstrosen-paradies.de\/wp-content\/uploads\/P.-delavayi-rot-3-600x400.jpg",600,400,true],"ptam-block-post-grid-square":["https:\/\/pfingstrosen-paradies.de\/wp-content\/uploads\/P.-delavayi-rot-3-600x600.jpg",600,600,true],"ptam-block-post-grid-featured-landscape":["https:\/\/pfingstrosen-paradies.de\/wp-content\/uploads\/P.-delavayi-rot-3-1000x600.jpg",1000,600,true],"woocommerce_archive_thumbnail":["https:\/\/pfingstrosen-paradies.de\/wp-content\/uploads\/P.-delavayi-rot-3-400x350.jpg",400,350,true],"woocommerce_thumbnail":["https:\/\/pfingstrosen-paradies.de\/wp-content\/uploads\/P.-delavayi-rot-3-400x350.jpg",400,350,true],"woocommerce_single":["https:\/\/pfingstrosen-paradies.de\/wp-content\/uploads\/P.-delavayi-rot-3-1200x900.jpg",1200,900,true],"woocommerce_gallery_thumbnail":["https:\/\/pfingstrosen-paradies.de\/wp-content\/uploads\/P.-delavayi-rot-3-100x100.jpg",100,100,true]},"post_excerpt_stackable_v2":"<p>Wildart mit einfachen Bl\u00fcten, zahlreiche Farbschl\u00e4ge von orange, leuchtend rot bis schwarzrot, kr\u00e4ftig, gut verzweigter Wuchs, stark geschlitztes Laub, Pflanze breit wachsend, da Triebe bogig \u00fcberh\u00e4ngend, Bl\u00fcten klein, nickend und immer in Dreiergruppen bl\u00fchend, delavayi besitzt die Neigung zu Ausl\u00e4uferbildung, H\u00f6he 1,5 m<\/p>\n","category_list_v2":"","author_info_v2":{"name":"","url":""},"comments_num_v2":"0 comments","yoast_head":"<!-- This site is optimized with the Yoast SEO plugin v27.5 - https:\/\/yoast.com\/product\/yoast-seo-wordpress\/ -->\n<title>P. delavayi &#039;Rot&#039; | Pfingstrosen-Paradies Tetzlaff<\/title>\n<meta name=\"description\" content=\"Strauchp\u00e4onien, verholzende Wildarten, Wildarten | Wildart mit einfachen Bl\u00fcten, zahlreiche Farbschl\u00e4ge von orange, leuchtend rot bis schwarzrot, kr\u00e4ftig, gut verzweigter Wuchs, stark geschlitztes Laub,\" \/>\n<meta name=\"robots\" content=\"index, follow, max-snippet:-1, max-image-preview:large, max-video-preview:-1\" \/>\n<link rel=\"canonical\" href=\"https:\/\/pfingstrosen-paradies.de\/en\/shop\/baumpaeonien\/strauch-wildarten\/p-delavayi-rot\/\" \/>\n<meta property=\"og:locale\" content=\"en_GB\" \/>\n<meta property=\"og:type\" content=\"article\" \/>\n<meta property=\"og:title\" content=\"P. delavayi &#039;Rot&#039; | Pfingstrosen-Paradies Tetzlaff\" \/>\n<meta property=\"og:description\" content=\"Strauchp\u00e4onien, verholzende Wildarten, Wildarten | Wildart mit einfachen Bl\u00fcten, zahlreiche Farbschl\u00e4ge von orange, leuchtend rot bis schwarzrot, kr\u00e4ftig, gut verzweigter Wuchs, stark geschlitztes Laub,\" \/>\n<meta property=\"og:url\" content=\"https:\/\/pfingstrosen-paradies.de\/en\/shop\/baumpaeonien\/strauch-wildarten\/p-delavayi-rot\/\" \/>\n<meta property=\"og:site_name\" content=\"Pfingstrosen-Paradies\" \/>\n<meta property=\"article:modified_time\" content=\"2022-07-18T15:00:54+00:00\" \/>\n<meta property=\"og:image\" content=\"https:\/\/pfingstrosen-paradies.de\/wp-content\/uploads\/P.-delavayi-rot-3.jpg\" \/>\n\t<meta property=\"og:image:width\" content=\"1280\" \/>\n\t<meta property=\"og:image:height\" content=\"960\" \/>\n\t<meta property=\"og:image:type\" content=\"image\/jpeg\" \/>\n<meta name=\"twitter:card\" content=\"summary_large_image\" \/>\n<meta name=\"twitter:label1\" content=\"Estimated reading time\" \/>\n\t<meta name=\"twitter:data1\" content=\"1 minute\" \/>\n<script type=\"application\/ld+json\" class=\"yoast-schema-graph\">{\"@context\":\"https:\\\/\\\/schema.org\",\"@graph\":[{\"@type\":\"WebPage\",\"@id\":\"https:\\\/\\\/pfingstrosen-paradies.de\\\/shop\\\/baumpaeonien\\\/strauch-wildarten\\\/p-delavayi-rot\\\/\",\"url\":\"https:\\\/\\\/pfingstrosen-paradies.de\\\/shop\\\/baumpaeonien\\\/strauch-wildarten\\\/p-delavayi-rot\\\/\",\"name\":\"P. delavayi 'Rot' | Pfingstrosen-Paradies Tetzlaff\",\"isPartOf\":{\"@id\":\"https:\\\/\\\/pfingstrosen-paradies.de\\\/#website\"},\"primaryImageOfPage\":{\"@id\":\"https:\\\/\\\/pfingstrosen-paradies.de\\\/shop\\\/baumpaeonien\\\/strauch-wildarten\\\/p-delavayi-rot\\\/#primaryimage\"},\"image\":{\"@id\":\"https:\\\/\\\/pfingstrosen-paradies.de\\\/shop\\\/baumpaeonien\\\/strauch-wildarten\\\/p-delavayi-rot\\\/#primaryimage\"},\"thumbnailUrl\":\"https:\\\/\\\/pfingstrosen-paradies.de\\\/wp-content\\\/uploads\\\/P.-delavayi-rot-3.jpg\",\"datePublished\":\"2022-01-04T19:13:29+00:00\",\"dateModified\":\"2022-07-18T15:00:54+00:00\",\"description\":\"Strauchp\u00e4onien, verholzende Wildarten, Wildarten | Wildart mit einfachen Bl\u00fcten, zahlreiche Farbschl\u00e4ge von orange, leuchtend rot bis schwarzrot, kr\u00e4ftig, gut verzweigter Wuchs, stark geschlitztes Laub,\",\"breadcrumb\":{\"@id\":\"https:\\\/\\\/pfingstrosen-paradies.de\\\/shop\\\/baumpaeonien\\\/strauch-wildarten\\\/p-delavayi-rot\\\/#breadcrumb\"},\"inLanguage\":\"en-GB\",\"potentialAction\":[{\"@type\":\"ReadAction\",\"target\":[\"https:\\\/\\\/pfingstrosen-paradies.de\\\/shop\\\/baumpaeonien\\\/strauch-wildarten\\\/p-delavayi-rot\\\/\"]}]},{\"@type\":\"ImageObject\",\"inLanguage\":\"en-GB\",\"@id\":\"https:\\\/\\\/pfingstrosen-paradies.de\\\/shop\\\/baumpaeonien\\\/strauch-wildarten\\\/p-delavayi-rot\\\/#primaryimage\",\"url\":\"https:\\\/\\\/pfingstrosen-paradies.de\\\/wp-content\\\/uploads\\\/P.-delavayi-rot-3.jpg\",\"contentUrl\":\"https:\\\/\\\/pfingstrosen-paradies.de\\\/wp-content\\\/uploads\\\/P.-delavayi-rot-3.jpg\",\"width\":1280,\"height\":960,\"caption\":\"Paeonia delavayi\"},{\"@type\":\"BreadcrumbList\",\"@id\":\"https:\\\/\\\/pfingstrosen-paradies.de\\\/shop\\\/baumpaeonien\\\/strauch-wildarten\\\/p-delavayi-rot\\\/#breadcrumb\",\"itemListElement\":[{\"@type\":\"ListItem\",\"position\":1,\"name\":\"Start\",\"item\":\"https:\\\/\\\/pfingstrosen-paradies.de\\\/\"},{\"@type\":\"ListItem\",\"position\":2,\"name\":\"Shop\",\"item\":\"https:\\\/\\\/pfingstrosen-paradies.de\\\/shop\\\/\"},{\"@type\":\"ListItem\",\"position\":3,\"name\":\"P. delavayi &#8216;Rot&#8217;\"}]},{\"@type\":\"WebSite\",\"@id\":\"https:\\\/\\\/pfingstrosen-paradies.de\\\/#website\",\"url\":\"https:\\\/\\\/pfingstrosen-paradies.de\\\/\",\"name\":\"Pfingstrosen-Paradies\",\"description\":\"Fachg\u00e4rtnerei f\u00fcr Pfingstrosen\",\"publisher\":{\"@id\":\"https:\\\/\\\/pfingstrosen-paradies.de\\\/#organization\"},\"potentialAction\":[{\"@type\":\"SearchAction\",\"target\":{\"@type\":\"EntryPoint\",\"urlTemplate\":\"https:\\\/\\\/pfingstrosen-paradies.de\\\/?s={search_term_string}\"},\"query-input\":{\"@type\":\"PropertyValueSpecification\",\"valueRequired\":true,\"valueName\":\"search_term_string\"}}],\"inLanguage\":\"en-GB\"},{\"@type\":\"Organization\",\"@id\":\"https:\\\/\\\/pfingstrosen-paradies.de\\\/#organization\",\"name\":\"Pfingstrosen-Paradies\",\"url\":\"https:\\\/\\\/pfingstrosen-paradies.de\\\/\",\"logo\":{\"@type\":\"ImageObject\",\"inLanguage\":\"en-GB\",\"@id\":\"https:\\\/\\\/pfingstrosen-paradies.de\\\/#\\\/schema\\\/logo\\\/image\\\/\",\"url\":\"https:\\\/\\\/pfingstrosen-paradies.de\\\/wp-content\\\/uploads\\\/2021\\\/02\\\/logo-pfingstrosen.png\",\"contentUrl\":\"https:\\\/\\\/pfingstrosen-paradies.de\\\/wp-content\\\/uploads\\\/2021\\\/02\\\/logo-pfingstrosen.png\",\"width\":1568,\"height\":366,\"caption\":\"Pfingstrosen-Paradies\"},\"image\":{\"@id\":\"https:\\\/\\\/pfingstrosen-paradies.de\\\/#\\\/schema\\\/logo\\\/image\\\/\"}}]}<\/script>\n<!-- \/ Yoast SEO plugin. -->","yoast_head_json":{"title":"P. delavayi 'Rot' | Pfingstrosen-Paradies Tetzlaff","description":"Strauchp\u00e4onien, verholzende Wildarten, Wildarten | Wildart mit einfachen Bl\u00fcten, zahlreiche Farbschl\u00e4ge von orange, leuchtend rot bis schwarzrot, kr\u00e4ftig, gut verzweigter Wuchs, stark geschlitztes Laub,","robots":{"index":"index","follow":"follow","max-snippet":"max-snippet:-1","max-image-preview":"max-image-preview:large","max-video-preview":"max-video-preview:-1"},"canonical":"https:\/\/pfingstrosen-paradies.de\/en\/shop\/baumpaeonien\/strauch-wildarten\/p-delavayi-rot\/","og_locale":"en_GB","og_type":"article","og_title":"P. delavayi 'Rot' | Pfingstrosen-Paradies Tetzlaff","og_description":"Strauchp\u00e4onien, verholzende Wildarten, Wildarten | Wildart mit einfachen Bl\u00fcten, zahlreiche Farbschl\u00e4ge von orange, leuchtend rot bis schwarzrot, kr\u00e4ftig, gut verzweigter Wuchs, stark geschlitztes Laub,","og_url":"https:\/\/pfingstrosen-paradies.de\/en\/shop\/baumpaeonien\/strauch-wildarten\/p-delavayi-rot\/","og_site_name":"Pfingstrosen-Paradies","article_modified_time":"2022-07-18T15:00:54+00:00","og_image":[{"width":1280,"height":960,"url":"https:\/\/pfingstrosen-paradies.de\/wp-content\/uploads\/P.-delavayi-rot-3.jpg","type":"image\/jpeg"}],"twitter_card":"summary_large_image","twitter_misc":{"Estimated reading time":"1 minute"},"schema":{"@context":"https:\/\/schema.org","@graph":[{"@type":"WebPage","@id":"https:\/\/pfingstrosen-paradies.de\/shop\/baumpaeonien\/strauch-wildarten\/p-delavayi-rot\/","url":"https:\/\/pfingstrosen-paradies.de\/shop\/baumpaeonien\/strauch-wildarten\/p-delavayi-rot\/","name":"P. delavayi 'Rot' | Pfingstrosen-Paradies Tetzlaff","isPartOf":{"@id":"https:\/\/pfingstrosen-paradies.de\/#website"},"primaryImageOfPage":{"@id":"https:\/\/pfingstrosen-paradies.de\/shop\/baumpaeonien\/strauch-wildarten\/p-delavayi-rot\/#primaryimage"},"image":{"@id":"https:\/\/pfingstrosen-paradies.de\/shop\/baumpaeonien\/strauch-wildarten\/p-delavayi-rot\/#primaryimage"},"thumbnailUrl":"https:\/\/pfingstrosen-paradies.de\/wp-content\/uploads\/P.-delavayi-rot-3.jpg","datePublished":"2022-01-04T19:13:29+00:00","dateModified":"2022-07-18T15:00:54+00:00","description":"Strauchp\u00e4onien, verholzende Wildarten, Wildarten | Wildart mit einfachen Bl\u00fcten, zahlreiche Farbschl\u00e4ge von orange, leuchtend rot bis schwarzrot, kr\u00e4ftig, gut verzweigter Wuchs, stark geschlitztes Laub,","breadcrumb":{"@id":"https:\/\/pfingstrosen-paradies.de\/shop\/baumpaeonien\/strauch-wildarten\/p-delavayi-rot\/#breadcrumb"},"inLanguage":"en-GB","potentialAction":[{"@type":"ReadAction","target":["https:\/\/pfingstrosen-paradies.de\/shop\/baumpaeonien\/strauch-wildarten\/p-delavayi-rot\/"]}]},{"@type":"ImageObject","inLanguage":"en-GB","@id":"https:\/\/pfingstrosen-paradies.de\/shop\/baumpaeonien\/strauch-wildarten\/p-delavayi-rot\/#primaryimage","url":"https:\/\/pfingstrosen-paradies.de\/wp-content\/uploads\/P.-delavayi-rot-3.jpg","contentUrl":"https:\/\/pfingstrosen-paradies.de\/wp-content\/uploads\/P.-delavayi-rot-3.jpg","width":1280,"height":960,"caption":"Paeonia delavayi"},{"@type":"BreadcrumbList","@id":"https:\/\/pfingstrosen-paradies.de\/shop\/baumpaeonien\/strauch-wildarten\/p-delavayi-rot\/#breadcrumb","itemListElement":[{"@type":"ListItem","position":1,"name":"Start","item":"https:\/\/pfingstrosen-paradies.de\/"},{"@type":"ListItem","position":2,"name":"Shop","item":"https:\/\/pfingstrosen-paradies.de\/shop\/"},{"@type":"ListItem","position":3,"name":"P. delavayi &#8216;Rot&#8217;"}]},{"@type":"WebSite","@id":"https:\/\/pfingstrosen-paradies.de\/#website","url":"https:\/\/pfingstrosen-paradies.de\/","name":"Pfingstrosen-Paradies","description":"Fachg\u00e4rtnerei f\u00fcr Pfingstrosen","publisher":{"@id":"https:\/\/pfingstrosen-paradies.de\/#organization"},"potentialAction":[{"@type":"SearchAction","target":{"@type":"EntryPoint","urlTemplate":"https:\/\/pfingstrosen-paradies.de\/?s={search_term_string}"},"query-input":{"@type":"PropertyValueSpecification","valueRequired":true,"valueName":"search_term_string"}}],"inLanguage":"en-GB"},{"@type":"Organization","@id":"https:\/\/pfingstrosen-paradies.de\/#organization","name":"Pfingstrosen-Paradies","url":"https:\/\/pfingstrosen-paradies.de\/","logo":{"@type":"ImageObject","inLanguage":"en-GB","@id":"https:\/\/pfingstrosen-paradies.de\/#\/schema\/logo\/image\/","url":"https:\/\/pfingstrosen-paradies.de\/wp-content\/uploads\/2021\/02\/logo-pfingstrosen.png","contentUrl":"https:\/\/pfingstrosen-paradies.de\/wp-content\/uploads\/2021\/02\/logo-pfingstrosen.png","width":1568,"height":366,"caption":"Pfingstrosen-Paradies"},"image":{"@id":"https:\/\/pfingstrosen-paradies.de\/#\/schema\/logo\/image\/"}}]}},"_links":{"self":[{"href":"https:\/\/pfingstrosen-paradies.de\/en\/wp-json\/wp\/v2\/product\/4072","targetHints":{"allow":["GET"]}}],"collection":[{"href":"https:\/\/pfingstrosen-paradies.de\/en\/wp-json\/wp\/v2\/product"}],"about":[{"href":"https:\/\/pfingstrosen-paradies.de\/en\/wp-json\/wp\/v2\/types\/product"}],"wp:featuredmedia":[{"embeddable":true,"href":"https:\/\/pfingstrosen-paradies.de\/en\/wp-json\/wp\/v2\/media\/4488"}],"wp:attachment":[{"href":"https:\/\/pfingstrosen-paradies.de\/en\/wp-json\/wp\/v2\/media?parent=4072"}],"wp:term":[{"taxonomy":"product_brand","embeddable":true,"href":"https:\/\/pfingstrosen-paradies.de\/en\/wp-json\/wp\/v2\/product_brand?post=4072"},{"taxonomy":"product_cat","embeddable":true,"href":"https:\/\/pfingstrosen-paradies.de\/en\/wp-json\/wp\/v2\/product_cat?post=4072"},{"taxonomy":"product_tag","embeddable":true,"href":"https:\/\/pfingstrosen-paradies.de\/en\/wp-json\/wp\/v2\/product_tag?post=4072"}],"curies":[{"name":"wp","href":"https:\/\/api.w.org\/{rel}","templated":true}]}}