{"id":4519,"date":"2022-01-05T21:12:24","date_gmt":"2022-01-05T20:12:24","guid":{"rendered":"https:\/\/pfingstrosen-paradies.de\/?post_type=product&#038;p=4519"},"modified":"2023-03-07T11:41:41","modified_gmt":"2023-03-07T10:41:41","slug":"thymus-praecox-var-pseudolanugionsus","status":"publish","type":"product","link":"https:\/\/pfingstrosen-paradies.de\/en\/shop\/weitere-pflanzen\/thymus-praecox-var-pseudolanugionsus\/","title":{"rendered":"Thymus praecox var. pseudolanugionsus"},"content":{"rendered":"<hr \/>\n<p>Dieser Polsterthymian ist ein wunderbarer Bodendecker f\u00fcr<strong> trockene<\/strong> and<strong> sonnige<\/strong> Pl\u00e4tze. Er bildet einen immergr\u00fcnen, silberlaubigen, dichten Teppich. Auch gut geeignet f\u00fcr die Pfigstrosen Unterpflanzung.<\/p>\n<p>Nur im Fr\u00fchjahr (ab Anfang Mai bei uns in der G\u00e4rtnerei erh\u00e4ltlich (kein Versand).<\/p>","protected":false},"excerpt":{"rendered":"<p><strong>Nur im Fr\u00fchjahr getopft bei uns vor Ort erh\u00e4ltlich<\/strong><\/p>\n<div class=\"field-item even\">Wuchsform: Bodendecker<\/div>\n<div class=\"field-item even\">Qualit\u00e4t\/Gr\u00f6\u00dfe: 0,5 l Topf<\/div>","protected":false},"featured_media":4607,"template":"","meta":[],"product_brand":[],"product_cat":[82],"product_tag":[],"class_list":{"0":"post-4519","1":"product","2":"type-product","3":"status-publish","4":"has-post-thumbnail","6":"product_cat-weitere-pflanzen","8":"first","9":"outofstock","10":"taxable","11":"shipping-taxable","12":"product-type-simple"},"featured_image_urls":{"full":["https:\/\/pfingstrosen-paradies.de\/wp-content\/uploads\/IMG_7564.jpg",1280,960,false],"thumbnail":["https:\/\/pfingstrosen-paradies.de\/wp-content\/uploads\/IMG_7564-150x150.jpg",150,150,true],"medium":["https:\/\/pfingstrosen-paradies.de\/wp-content\/uploads\/IMG_7564-300x225.jpg",300,225,true],"medium_large":["https:\/\/pfingstrosen-paradies.de\/wp-content\/uploads\/IMG_7564-768x576.jpg",768,576,true],"large":["https:\/\/pfingstrosen-paradies.de\/wp-content\/uploads\/IMG_7564-1024x768.jpg",1024,768,true],"1536x1536":["https:\/\/pfingstrosen-paradies.de\/wp-content\/uploads\/IMG_7564.jpg",1280,960,false],"2048x2048":["https:\/\/pfingstrosen-paradies.de\/wp-content\/uploads\/IMG_7564.jpg",1280,960,false],"trp-custom-language-flag":["https:\/\/pfingstrosen-paradies.de\/wp-content\/uploads\/IMG_7564-16x12.jpg",16,12,true],"ptam-block-post-grid-landscape":["https:\/\/pfingstrosen-paradies.de\/wp-content\/uploads\/IMG_7564-600x400.jpg",600,400,true],"ptam-block-post-grid-square":["https:\/\/pfingstrosen-paradies.de\/wp-content\/uploads\/IMG_7564-600x600.jpg",600,600,true],"ptam-block-post-grid-featured-landscape":["https:\/\/pfingstrosen-paradies.de\/wp-content\/uploads\/IMG_7564-1000x600.jpg",1000,600,true],"woocommerce_archive_thumbnail":["https:\/\/pfingstrosen-paradies.de\/wp-content\/uploads\/IMG_7564-400x350.jpg",400,350,true],"woocommerce_thumbnail":["https:\/\/pfingstrosen-paradies.de\/wp-content\/uploads\/IMG_7564-400x350.jpg",400,350,true],"woocommerce_single":["https:\/\/pfingstrosen-paradies.de\/wp-content\/uploads\/IMG_7564-1200x900.jpg",1200,900,true],"woocommerce_gallery_thumbnail":["https:\/\/pfingstrosen-paradies.de\/wp-content\/uploads\/IMG_7564-100x100.jpg",100,100,true]},"post_excerpt_stackable":"<p><strong>Nur im Fr\u00fchjahr getopft bei uns vor Ort erh\u00e4ltlich<\/strong><\/p>\n<div class=\"field-item even\">Wuchsform: Bodendecker<\/div>\n<div class=\"field-item even\">Qualit\u00e4t\/Gr\u00f6\u00dfe: 0,5 l Topf<\/div>\n","category_list":"","author_info":{"name":"","url":""},"comments_num":"0 comments","featured_image_urls_v2":{"full":["https:\/\/pfingstrosen-paradies.de\/wp-content\/uploads\/IMG_7564.jpg",1280,960,false],"thumbnail":["https:\/\/pfingstrosen-paradies.de\/wp-content\/uploads\/IMG_7564-150x150.jpg",150,150,true],"medium":["https:\/\/pfingstrosen-paradies.de\/wp-content\/uploads\/IMG_7564-300x225.jpg",300,225,true],"medium_large":["https:\/\/pfingstrosen-paradies.de\/wp-content\/uploads\/IMG_7564-768x576.jpg",768,576,true],"large":["https:\/\/pfingstrosen-paradies.de\/wp-content\/uploads\/IMG_7564-1024x768.jpg",1024,768,true],"1536x1536":["https:\/\/pfingstrosen-paradies.de\/wp-content\/uploads\/IMG_7564.jpg",1280,960,false],"2048x2048":["https:\/\/pfingstrosen-paradies.de\/wp-content\/uploads\/IMG_7564.jpg",1280,960,false],"trp-custom-language-flag":["https:\/\/pfingstrosen-paradies.de\/wp-content\/uploads\/IMG_7564-16x12.jpg",16,12,true],"ptam-block-post-grid-landscape":["https:\/\/pfingstrosen-paradies.de\/wp-content\/uploads\/IMG_7564-600x400.jpg",600,400,true],"ptam-block-post-grid-square":["https:\/\/pfingstrosen-paradies.de\/wp-content\/uploads\/IMG_7564-600x600.jpg",600,600,true],"ptam-block-post-grid-featured-landscape":["https:\/\/pfingstrosen-paradies.de\/wp-content\/uploads\/IMG_7564-1000x600.jpg",1000,600,true],"woocommerce_archive_thumbnail":["https:\/\/pfingstrosen-paradies.de\/wp-content\/uploads\/IMG_7564-400x350.jpg",400,350,true],"woocommerce_thumbnail":["https:\/\/pfingstrosen-paradies.de\/wp-content\/uploads\/IMG_7564-400x350.jpg",400,350,true],"woocommerce_single":["https:\/\/pfingstrosen-paradies.de\/wp-content\/uploads\/IMG_7564-1200x900.jpg",1200,900,true],"woocommerce_gallery_thumbnail":["https:\/\/pfingstrosen-paradies.de\/wp-content\/uploads\/IMG_7564-100x100.jpg",100,100,true]},"post_excerpt_stackable_v2":"<p><strong>Nur im Fr\u00fchjahr getopft bei uns vor Ort erh\u00e4ltlich<\/strong><\/p>\n<div class=\"field-item even\">Wuchsform: Bodendecker<\/div>\n<div class=\"field-item even\">Qualit\u00e4t\/Gr\u00f6\u00dfe: 0,5 l Topf<\/div>\n","category_list_v2":"","author_info_v2":{"name":"","url":""},"comments_num_v2":"0 comments","yoast_head":"<!-- This site is optimized with the Yoast SEO plugin v27.3 - https:\/\/yoast.com\/product\/yoast-seo-wordpress\/ -->\n<title>Thymus praecox var. pseudolanugionsus | Pfingstrosen-Paradies Tetzlaff<\/title>\n<meta name=\"description\" content=\"Weitere Pflanzen | Nur im Fr\u00fchjahr getopft bei uns vor Ort erh\u00e4ltlich Wuchsform: Bodendecker Qualit\u00e4t\/Gr\u00f6\u00dfe: 0,5 l Topf\" \/>\n<meta name=\"robots\" content=\"index, follow, max-snippet:-1, max-image-preview:large, max-video-preview:-1\" \/>\n<link rel=\"canonical\" href=\"https:\/\/pfingstrosen-paradies.de\/en\/shop\/weitere-pflanzen\/thymus-praecox-var-pseudolanugionsus\/\" \/>\n<meta property=\"og:locale\" content=\"en_GB\" \/>\n<meta property=\"og:type\" content=\"article\" \/>\n<meta property=\"og:title\" content=\"Thymus praecox var. pseudolanugionsus | Pfingstrosen-Paradies Tetzlaff\" \/>\n<meta property=\"og:description\" content=\"Weitere Pflanzen | Nur im Fr\u00fchjahr getopft bei uns vor Ort erh\u00e4ltlich Wuchsform: Bodendecker Qualit\u00e4t\/Gr\u00f6\u00dfe: 0,5 l Topf\" \/>\n<meta property=\"og:url\" content=\"https:\/\/pfingstrosen-paradies.de\/en\/shop\/weitere-pflanzen\/thymus-praecox-var-pseudolanugionsus\/\" \/>\n<meta property=\"og:site_name\" content=\"Pfingstrosen-Paradies\" \/>\n<meta property=\"article:modified_time\" content=\"2023-03-07T10:41:41+00:00\" \/>\n<meta property=\"og:image\" content=\"https:\/\/pfingstrosen-paradies.de\/wp-content\/uploads\/IMG_7564.jpg\" \/>\n\t<meta property=\"og:image:width\" content=\"1280\" \/>\n\t<meta property=\"og:image:height\" content=\"960\" \/>\n\t<meta property=\"og:image:type\" content=\"image\/jpeg\" \/>\n<meta name=\"twitter:card\" content=\"summary_large_image\" \/>\n<meta name=\"twitter:label1\" content=\"Estimated reading time\" \/>\n\t<meta name=\"twitter:data1\" content=\"1 minute\" \/>\n<script type=\"application\/ld+json\" class=\"yoast-schema-graph\">{\"@context\":\"https:\\\/\\\/schema.org\",\"@graph\":[{\"@type\":\"WebPage\",\"@id\":\"https:\\\/\\\/pfingstrosen-paradies.de\\\/shop\\\/weitere-pflanzen\\\/thymus-praecox-var-pseudolanugionsus\\\/\",\"url\":\"https:\\\/\\\/pfingstrosen-paradies.de\\\/shop\\\/weitere-pflanzen\\\/thymus-praecox-var-pseudolanugionsus\\\/\",\"name\":\"Thymus praecox var. pseudolanugionsus | Pfingstrosen-Paradies Tetzlaff\",\"isPartOf\":{\"@id\":\"https:\\\/\\\/pfingstrosen-paradies.de\\\/#website\"},\"primaryImageOfPage\":{\"@id\":\"https:\\\/\\\/pfingstrosen-paradies.de\\\/shop\\\/weitere-pflanzen\\\/thymus-praecox-var-pseudolanugionsus\\\/#primaryimage\"},\"image\":{\"@id\":\"https:\\\/\\\/pfingstrosen-paradies.de\\\/shop\\\/weitere-pflanzen\\\/thymus-praecox-var-pseudolanugionsus\\\/#primaryimage\"},\"thumbnailUrl\":\"https:\\\/\\\/pfingstrosen-paradies.de\\\/wp-content\\\/uploads\\\/IMG_7564.jpg\",\"datePublished\":\"2022-01-05T20:12:24+00:00\",\"dateModified\":\"2023-03-07T10:41:41+00:00\",\"description\":\"Weitere Pflanzen | Nur im Fr\u00fchjahr getopft bei uns vor Ort erh\u00e4ltlich Wuchsform: Bodendecker Qualit\u00e4t\\\/Gr\u00f6\u00dfe: 0,5 l Topf\",\"breadcrumb\":{\"@id\":\"https:\\\/\\\/pfingstrosen-paradies.de\\\/shop\\\/weitere-pflanzen\\\/thymus-praecox-var-pseudolanugionsus\\\/#breadcrumb\"},\"inLanguage\":\"en-GB\",\"potentialAction\":[{\"@type\":\"ReadAction\",\"target\":[\"https:\\\/\\\/pfingstrosen-paradies.de\\\/shop\\\/weitere-pflanzen\\\/thymus-praecox-var-pseudolanugionsus\\\/\"]}]},{\"@type\":\"ImageObject\",\"inLanguage\":\"en-GB\",\"@id\":\"https:\\\/\\\/pfingstrosen-paradies.de\\\/shop\\\/weitere-pflanzen\\\/thymus-praecox-var-pseudolanugionsus\\\/#primaryimage\",\"url\":\"https:\\\/\\\/pfingstrosen-paradies.de\\\/wp-content\\\/uploads\\\/IMG_7564.jpg\",\"contentUrl\":\"https:\\\/\\\/pfingstrosen-paradies.de\\\/wp-content\\\/uploads\\\/IMG_7564.jpg\",\"width\":1280,\"height\":960,\"caption\":\"Grauer Polsterthymian\"},{\"@type\":\"BreadcrumbList\",\"@id\":\"https:\\\/\\\/pfingstrosen-paradies.de\\\/shop\\\/weitere-pflanzen\\\/thymus-praecox-var-pseudolanugionsus\\\/#breadcrumb\",\"itemListElement\":[{\"@type\":\"ListItem\",\"position\":1,\"name\":\"Start\",\"item\":\"https:\\\/\\\/pfingstrosen-paradies.de\\\/\"},{\"@type\":\"ListItem\",\"position\":2,\"name\":\"Shop\",\"item\":\"https:\\\/\\\/pfingstrosen-paradies.de\\\/shop\\\/\"},{\"@type\":\"ListItem\",\"position\":3,\"name\":\"Thymus praecox var. pseudolanugionsus\"}]},{\"@type\":\"WebSite\",\"@id\":\"https:\\\/\\\/pfingstrosen-paradies.de\\\/#website\",\"url\":\"https:\\\/\\\/pfingstrosen-paradies.de\\\/\",\"name\":\"Pfingstrosen-Paradies\",\"description\":\"Fachg\u00e4rtnerei f\u00fcr Pfingstrosen\",\"publisher\":{\"@id\":\"https:\\\/\\\/pfingstrosen-paradies.de\\\/#organization\"},\"potentialAction\":[{\"@type\":\"SearchAction\",\"target\":{\"@type\":\"EntryPoint\",\"urlTemplate\":\"https:\\\/\\\/pfingstrosen-paradies.de\\\/?s={search_term_string}\"},\"query-input\":{\"@type\":\"PropertyValueSpecification\",\"valueRequired\":true,\"valueName\":\"search_term_string\"}}],\"inLanguage\":\"en-GB\"},{\"@type\":\"Organization\",\"@id\":\"https:\\\/\\\/pfingstrosen-paradies.de\\\/#organization\",\"name\":\"Pfingstrosen-Paradies\",\"url\":\"https:\\\/\\\/pfingstrosen-paradies.de\\\/\",\"logo\":{\"@type\":\"ImageObject\",\"inLanguage\":\"en-GB\",\"@id\":\"https:\\\/\\\/pfingstrosen-paradies.de\\\/#\\\/schema\\\/logo\\\/image\\\/\",\"url\":\"https:\\\/\\\/pfingstrosen-paradies.de\\\/wp-content\\\/uploads\\\/2021\\\/02\\\/logo-pfingstrosen.png\",\"contentUrl\":\"https:\\\/\\\/pfingstrosen-paradies.de\\\/wp-content\\\/uploads\\\/2021\\\/02\\\/logo-pfingstrosen.png\",\"width\":1568,\"height\":366,\"caption\":\"Pfingstrosen-Paradies\"},\"image\":{\"@id\":\"https:\\\/\\\/pfingstrosen-paradies.de\\\/#\\\/schema\\\/logo\\\/image\\\/\"}}]}<\/script>\n<!-- \/ Yoast SEO plugin. -->","yoast_head_json":{"title":"Thymus praecox var. pseudolanugionsus | Pfingstrosen-Paradies Tetzlaff","description":"Weitere Pflanzen | Nur im Fr\u00fchjahr getopft bei uns vor Ort erh\u00e4ltlich Wuchsform: Bodendecker Qualit\u00e4t\/Gr\u00f6\u00dfe: 0,5 l Topf","robots":{"index":"index","follow":"follow","max-snippet":"max-snippet:-1","max-image-preview":"max-image-preview:large","max-video-preview":"max-video-preview:-1"},"canonical":"https:\/\/pfingstrosen-paradies.de\/en\/shop\/weitere-pflanzen\/thymus-praecox-var-pseudolanugionsus\/","og_locale":"en_GB","og_type":"article","og_title":"Thymus praecox var. pseudolanugionsus | Pfingstrosen-Paradies Tetzlaff","og_description":"Weitere Pflanzen | Nur im Fr\u00fchjahr getopft bei uns vor Ort erh\u00e4ltlich Wuchsform: Bodendecker Qualit\u00e4t\/Gr\u00f6\u00dfe: 0,5 l Topf","og_url":"https:\/\/pfingstrosen-paradies.de\/en\/shop\/weitere-pflanzen\/thymus-praecox-var-pseudolanugionsus\/","og_site_name":"Pfingstrosen-Paradies","article_modified_time":"2023-03-07T10:41:41+00:00","og_image":[{"width":1280,"height":960,"url":"https:\/\/pfingstrosen-paradies.de\/wp-content\/uploads\/IMG_7564.jpg","type":"image\/jpeg"}],"twitter_card":"summary_large_image","twitter_misc":{"Estimated reading time":"1 minute"},"schema":{"@context":"https:\/\/schema.org","@graph":[{"@type":"WebPage","@id":"https:\/\/pfingstrosen-paradies.de\/shop\/weitere-pflanzen\/thymus-praecox-var-pseudolanugionsus\/","url":"https:\/\/pfingstrosen-paradies.de\/shop\/weitere-pflanzen\/thymus-praecox-var-pseudolanugionsus\/","name":"Thymus praecox var. pseudolanugionsus | Pfingstrosen-Paradies Tetzlaff","isPartOf":{"@id":"https:\/\/pfingstrosen-paradies.de\/#website"},"primaryImageOfPage":{"@id":"https:\/\/pfingstrosen-paradies.de\/shop\/weitere-pflanzen\/thymus-praecox-var-pseudolanugionsus\/#primaryimage"},"image":{"@id":"https:\/\/pfingstrosen-paradies.de\/shop\/weitere-pflanzen\/thymus-praecox-var-pseudolanugionsus\/#primaryimage"},"thumbnailUrl":"https:\/\/pfingstrosen-paradies.de\/wp-content\/uploads\/IMG_7564.jpg","datePublished":"2022-01-05T20:12:24+00:00","dateModified":"2023-03-07T10:41:41+00:00","description":"Weitere Pflanzen | Nur im Fr\u00fchjahr getopft bei uns vor Ort erh\u00e4ltlich Wuchsform: Bodendecker Qualit\u00e4t\/Gr\u00f6\u00dfe: 0,5 l Topf","breadcrumb":{"@id":"https:\/\/pfingstrosen-paradies.de\/shop\/weitere-pflanzen\/thymus-praecox-var-pseudolanugionsus\/#breadcrumb"},"inLanguage":"en-GB","potentialAction":[{"@type":"ReadAction","target":["https:\/\/pfingstrosen-paradies.de\/shop\/weitere-pflanzen\/thymus-praecox-var-pseudolanugionsus\/"]}]},{"@type":"ImageObject","inLanguage":"en-GB","@id":"https:\/\/pfingstrosen-paradies.de\/shop\/weitere-pflanzen\/thymus-praecox-var-pseudolanugionsus\/#primaryimage","url":"https:\/\/pfingstrosen-paradies.de\/wp-content\/uploads\/IMG_7564.jpg","contentUrl":"https:\/\/pfingstrosen-paradies.de\/wp-content\/uploads\/IMG_7564.jpg","width":1280,"height":960,"caption":"Grauer Polsterthymian"},{"@type":"BreadcrumbList","@id":"https:\/\/pfingstrosen-paradies.de\/shop\/weitere-pflanzen\/thymus-praecox-var-pseudolanugionsus\/#breadcrumb","itemListElement":[{"@type":"ListItem","position":1,"name":"Start","item":"https:\/\/pfingstrosen-paradies.de\/"},{"@type":"ListItem","position":2,"name":"Shop","item":"https:\/\/pfingstrosen-paradies.de\/shop\/"},{"@type":"ListItem","position":3,"name":"Thymus praecox var. pseudolanugionsus"}]},{"@type":"WebSite","@id":"https:\/\/pfingstrosen-paradies.de\/#website","url":"https:\/\/pfingstrosen-paradies.de\/","name":"Pfingstrosen-Paradies","description":"Fachg\u00e4rtnerei f\u00fcr Pfingstrosen","publisher":{"@id":"https:\/\/pfingstrosen-paradies.de\/#organization"},"potentialAction":[{"@type":"SearchAction","target":{"@type":"EntryPoint","urlTemplate":"https:\/\/pfingstrosen-paradies.de\/?s={search_term_string}"},"query-input":{"@type":"PropertyValueSpecification","valueRequired":true,"valueName":"search_term_string"}}],"inLanguage":"en-GB"},{"@type":"Organization","@id":"https:\/\/pfingstrosen-paradies.de\/#organization","name":"Pfingstrosen-Paradies","url":"https:\/\/pfingstrosen-paradies.de\/","logo":{"@type":"ImageObject","inLanguage":"en-GB","@id":"https:\/\/pfingstrosen-paradies.de\/#\/schema\/logo\/image\/","url":"https:\/\/pfingstrosen-paradies.de\/wp-content\/uploads\/2021\/02\/logo-pfingstrosen.png","contentUrl":"https:\/\/pfingstrosen-paradies.de\/wp-content\/uploads\/2021\/02\/logo-pfingstrosen.png","width":1568,"height":366,"caption":"Pfingstrosen-Paradies"},"image":{"@id":"https:\/\/pfingstrosen-paradies.de\/#\/schema\/logo\/image\/"}}]}},"_links":{"self":[{"href":"https:\/\/pfingstrosen-paradies.de\/en\/wp-json\/wp\/v2\/product\/4519","targetHints":{"allow":["GET"]}}],"collection":[{"href":"https:\/\/pfingstrosen-paradies.de\/en\/wp-json\/wp\/v2\/product"}],"about":[{"href":"https:\/\/pfingstrosen-paradies.de\/en\/wp-json\/wp\/v2\/types\/product"}],"wp:featuredmedia":[{"embeddable":true,"href":"https:\/\/pfingstrosen-paradies.de\/en\/wp-json\/wp\/v2\/media\/4607"}],"wp:attachment":[{"href":"https:\/\/pfingstrosen-paradies.de\/en\/wp-json\/wp\/v2\/media?parent=4519"}],"wp:term":[{"taxonomy":"product_brand","embeddable":true,"href":"https:\/\/pfingstrosen-paradies.de\/en\/wp-json\/wp\/v2\/product_brand?post=4519"},{"taxonomy":"product_cat","embeddable":true,"href":"https:\/\/pfingstrosen-paradies.de\/en\/wp-json\/wp\/v2\/product_cat?post=4519"},{"taxonomy":"product_tag","embeddable":true,"href":"https:\/\/pfingstrosen-paradies.de\/en\/wp-json\/wp\/v2\/product_tag?post=4519"}],"curies":[{"name":"wp","href":"https:\/\/api.w.org\/{rel}","templated":true}]}}