{"id":4534,"date":"2022-01-05T21:20:28","date_gmt":"2022-01-05T20:20:28","guid":{"rendered":"https:\/\/pfingstrosen-paradies.de\/?post_type=product&#038;p=4534"},"modified":"2026-04-19T19:48:17","modified_gmt":"2026-04-19T17:48:17","slug":"agapanthus-winterhart-blau","status":"publish","type":"product","link":"https:\/\/pfingstrosen-paradies.de\/en\/shop\/weitere-pflanzen\/agapanthus-winterhart-blau\/","title":{"rendered":"Agapanthus winterhart, blau"},"content":{"rendered":"<hr \/>\n<p><strong>Winterharter (laubabwerfender) Agapanthus: Headbourne-Hybriden<\/strong><\/p>\n<p>Sie sind im allgemeinen kleiner als ihre immergr\u00fcnen Verwandten, sowohl bei den Bl\u00e4tter als auch bei den Bl\u00fcten. Wer aber nicht die optimalen Bedingungen f\u00fcr die \u00dcberwinterung der gro\u00dfen immergr\u00fcnen Agapanthus hat, findet vielleicht einen Platz f\u00fcr die Laubabwerfenden. Da sie im Herbst die Bl\u00e4tter einziehen, besteht auch kein Lichtbedarf. Werden sie nicht in den Garten ausgepflanzt, so reicht ein dunkler, k\u00fchler Raum. Aber die Temperaturen sollten, wenn sie nicht ausgepflanzt werden, zwischen 1 und 10 Grad C sein. Achtung !!! Winterharter (laubabwerfender) Agapanthus darf, wenn er im K\u00fcbel kultiviert wird, nur frostfrei \u00fcberwintert werden. Frost w\u00fcrde im Beh\u00e4lter ganz hindurch frieren und dabei Schaden an den Wurzeln\/ Zwiebeln anrichten. Im schlimmsten Fall ist die ganze Pflanze zerst\u00f6rt. Selbst Narzissen nehmen Schaden, wenn sie, im Topf gepflanzt, einfrieren. Aber laubabwerfender Agapanthus h\u00e4lt deutlich mehr K\u00e4lte\/Frost aus als man den Agapanthus im allgemeinen zutraut. Die widerstandsf\u00e4higsten Agapanthus sind die \u201eHeadbourne-Hybriden\u201c, die wir anbieten. Sie bl\u00fchen und wachsen sowohl bei uns im Garten und im Vermehrungsfeld seit Jahren ohne irgendwelche Probleme. In Gebieten in denen es deutlich k\u00e4lter wird als bei uns im Rheinland, kann eine leichte Abdeckung mit altem Laub oder Stroh von Vorteil sein. Kr\u00e4ftig im Freiland gewachsene Pflanzen.<\/p>","protected":false},"excerpt":{"rendered":"<div class=\"field-item even\">Qualit\u00e4t\/ Gr\u00f6\u00dfe: kr\u00e4ftiges, bl\u00fchf\u00e4higes Teilst\u00fcck<\/div>\n<div class=\"field-item even\">Bl\u00fctezeit: Mitte Juli &#8211; Mitte August<\/div>","protected":false},"featured_media":4549,"template":"","meta":[],"product_brand":[],"product_cat":[82],"product_tag":[],"class_list":{"0":"post-4534","1":"product","2":"type-product","3":"status-publish","4":"has-post-thumbnail","6":"product_cat-weitere-pflanzen","8":"first","9":"instock","10":"taxable","11":"shipping-taxable","12":"purchasable","13":"product-type-simple"},"featured_image_urls":{"full":["https:\/\/pfingstrosen-paradies.de\/wp-content\/uploads\/Agapanthus-blau.jpg",1280,960,false],"thumbnail":["https:\/\/pfingstrosen-paradies.de\/wp-content\/uploads\/Agapanthus-blau-150x150.jpg",150,150,true],"medium":["https:\/\/pfingstrosen-paradies.de\/wp-content\/uploads\/Agapanthus-blau-300x225.jpg",300,225,true],"medium_large":["https:\/\/pfingstrosen-paradies.de\/wp-content\/uploads\/Agapanthus-blau-768x576.jpg",768,576,true],"large":["https:\/\/pfingstrosen-paradies.de\/wp-content\/uploads\/Agapanthus-blau-1024x768.jpg",1024,768,true],"1536x1536":["https:\/\/pfingstrosen-paradies.de\/wp-content\/uploads\/Agapanthus-blau.jpg",1280,960,false],"2048x2048":["https:\/\/pfingstrosen-paradies.de\/wp-content\/uploads\/Agapanthus-blau.jpg",1280,960,false],"trp-custom-language-flag":["https:\/\/pfingstrosen-paradies.de\/wp-content\/uploads\/Agapanthus-blau-16x12.jpg",16,12,true],"ptam-block-post-grid-landscape":["https:\/\/pfingstrosen-paradies.de\/wp-content\/uploads\/Agapanthus-blau-600x400.jpg",600,400,true],"ptam-block-post-grid-square":["https:\/\/pfingstrosen-paradies.de\/wp-content\/uploads\/Agapanthus-blau-600x600.jpg",600,600,true],"ptam-block-post-grid-featured-landscape":["https:\/\/pfingstrosen-paradies.de\/wp-content\/uploads\/Agapanthus-blau-1000x600.jpg",1000,600,true],"woocommerce_archive_thumbnail":["https:\/\/pfingstrosen-paradies.de\/wp-content\/uploads\/Agapanthus-blau-400x350.jpg",400,350,true],"woocommerce_thumbnail":["https:\/\/pfingstrosen-paradies.de\/wp-content\/uploads\/Agapanthus-blau-400x350.jpg",400,350,true],"woocommerce_single":["https:\/\/pfingstrosen-paradies.de\/wp-content\/uploads\/Agapanthus-blau-1200x900.jpg",1200,900,true],"woocommerce_gallery_thumbnail":["https:\/\/pfingstrosen-paradies.de\/wp-content\/uploads\/Agapanthus-blau-100x100.jpg",100,100,true]},"post_excerpt_stackable":"<div class=\"field-item even\">Qualit\u00e4t\/ Gr\u00f6\u00dfe: kr\u00e4ftiges, bl\u00fchf\u00e4higes Teilst\u00fcck<\/div>\n<div class=\"field-item even\">Bl\u00fctezeit: Mitte Juli &#8211; Mitte August<\/div>\n","category_list":"","author_info":{"name":"","url":""},"comments_num":"0 comments","featured_image_urls_v2":{"full":["https:\/\/pfingstrosen-paradies.de\/wp-content\/uploads\/Agapanthus-blau.jpg",1280,960,false],"thumbnail":["https:\/\/pfingstrosen-paradies.de\/wp-content\/uploads\/Agapanthus-blau-150x150.jpg",150,150,true],"medium":["https:\/\/pfingstrosen-paradies.de\/wp-content\/uploads\/Agapanthus-blau-300x225.jpg",300,225,true],"medium_large":["https:\/\/pfingstrosen-paradies.de\/wp-content\/uploads\/Agapanthus-blau-768x576.jpg",768,576,true],"large":["https:\/\/pfingstrosen-paradies.de\/wp-content\/uploads\/Agapanthus-blau-1024x768.jpg",1024,768,true],"1536x1536":["https:\/\/pfingstrosen-paradies.de\/wp-content\/uploads\/Agapanthus-blau.jpg",1280,960,false],"2048x2048":["https:\/\/pfingstrosen-paradies.de\/wp-content\/uploads\/Agapanthus-blau.jpg",1280,960,false],"trp-custom-language-flag":["https:\/\/pfingstrosen-paradies.de\/wp-content\/uploads\/Agapanthus-blau-16x12.jpg",16,12,true],"ptam-block-post-grid-landscape":["https:\/\/pfingstrosen-paradies.de\/wp-content\/uploads\/Agapanthus-blau-600x400.jpg",600,400,true],"ptam-block-post-grid-square":["https:\/\/pfingstrosen-paradies.de\/wp-content\/uploads\/Agapanthus-blau-600x600.jpg",600,600,true],"ptam-block-post-grid-featured-landscape":["https:\/\/pfingstrosen-paradies.de\/wp-content\/uploads\/Agapanthus-blau-1000x600.jpg",1000,600,true],"woocommerce_archive_thumbnail":["https:\/\/pfingstrosen-paradies.de\/wp-content\/uploads\/Agapanthus-blau-400x350.jpg",400,350,true],"woocommerce_thumbnail":["https:\/\/pfingstrosen-paradies.de\/wp-content\/uploads\/Agapanthus-blau-400x350.jpg",400,350,true],"woocommerce_single":["https:\/\/pfingstrosen-paradies.de\/wp-content\/uploads\/Agapanthus-blau-1200x900.jpg",1200,900,true],"woocommerce_gallery_thumbnail":["https:\/\/pfingstrosen-paradies.de\/wp-content\/uploads\/Agapanthus-blau-100x100.jpg",100,100,true]},"post_excerpt_stackable_v2":"<div class=\"field-item even\">Qualit\u00e4t\/ Gr\u00f6\u00dfe: kr\u00e4ftiges, bl\u00fchf\u00e4higes Teilst\u00fcck<\/div>\n<div class=\"field-item even\">Bl\u00fctezeit: Mitte Juli &#8211; Mitte August<\/div>\n","category_list_v2":"","author_info_v2":{"name":"","url":""},"comments_num_v2":"0 comments","yoast_head":"<!-- This site is optimized with the Yoast SEO plugin v27.3 - https:\/\/yoast.com\/product\/yoast-seo-wordpress\/ -->\n<title>Agapanthus winterhart, blau | Pfingstrosen-Paradies Tetzlaff<\/title>\n<meta name=\"description\" content=\"Weitere Pflanzen | Qualit\u00e4t\/ Gr\u00f6\u00dfe: kr\u00e4ftiges, bl\u00fchf\u00e4higes Teilst\u00fcck Bl\u00fctezeit: Mitte Juli - Mitte August\" \/>\n<meta name=\"robots\" content=\"index, follow, max-snippet:-1, max-image-preview:large, max-video-preview:-1\" \/>\n<link rel=\"canonical\" href=\"https:\/\/pfingstrosen-paradies.de\/en\/shop\/weitere-pflanzen\/agapanthus-winterhart-blau\/\" \/>\n<meta property=\"og:locale\" content=\"en_GB\" \/>\n<meta property=\"og:type\" content=\"article\" \/>\n<meta property=\"og:title\" content=\"Agapanthus winterhart, blau | Pfingstrosen-Paradies Tetzlaff\" \/>\n<meta property=\"og:description\" content=\"Weitere Pflanzen | Qualit\u00e4t\/ Gr\u00f6\u00dfe: kr\u00e4ftiges, bl\u00fchf\u00e4higes Teilst\u00fcck Bl\u00fctezeit: Mitte Juli - Mitte August\" \/>\n<meta property=\"og:url\" content=\"https:\/\/pfingstrosen-paradies.de\/en\/shop\/weitere-pflanzen\/agapanthus-winterhart-blau\/\" \/>\n<meta property=\"og:site_name\" content=\"Pfingstrosen-Paradies\" \/>\n<meta property=\"article:modified_time\" content=\"2026-04-19T17:48:17+00:00\" \/>\n<meta property=\"og:image\" content=\"https:\/\/pfingstrosen-paradies.de\/wp-content\/uploads\/Agapanthus-blau.jpg\" \/>\n\t<meta property=\"og:image:width\" content=\"1280\" \/>\n\t<meta property=\"og:image:height\" content=\"960\" \/>\n\t<meta property=\"og:image:type\" content=\"image\/jpeg\" \/>\n<meta name=\"twitter:card\" content=\"summary_large_image\" \/>\n<meta name=\"twitter:label1\" content=\"Estimated reading time\" \/>\n\t<meta name=\"twitter:data1\" content=\"2 minutes\" \/>\n<script type=\"application\/ld+json\" class=\"yoast-schema-graph\">{\"@context\":\"https:\\\/\\\/schema.org\",\"@graph\":[{\"@type\":\"WebPage\",\"@id\":\"https:\\\/\\\/pfingstrosen-paradies.de\\\/shop\\\/weitere-pflanzen\\\/agapanthus-winterhart-blau\\\/\",\"url\":\"https:\\\/\\\/pfingstrosen-paradies.de\\\/shop\\\/weitere-pflanzen\\\/agapanthus-winterhart-blau\\\/\",\"name\":\"Agapanthus winterhart, blau | Pfingstrosen-Paradies Tetzlaff\",\"isPartOf\":{\"@id\":\"https:\\\/\\\/pfingstrosen-paradies.de\\\/#website\"},\"primaryImageOfPage\":{\"@id\":\"https:\\\/\\\/pfingstrosen-paradies.de\\\/shop\\\/weitere-pflanzen\\\/agapanthus-winterhart-blau\\\/#primaryimage\"},\"image\":{\"@id\":\"https:\\\/\\\/pfingstrosen-paradies.de\\\/shop\\\/weitere-pflanzen\\\/agapanthus-winterhart-blau\\\/#primaryimage\"},\"thumbnailUrl\":\"https:\\\/\\\/pfingstrosen-paradies.de\\\/wp-content\\\/uploads\\\/Agapanthus-blau.jpg\",\"datePublished\":\"2022-01-05T20:20:28+00:00\",\"dateModified\":\"2026-04-19T17:48:17+00:00\",\"description\":\"Weitere Pflanzen | Qualit\u00e4t\\\/ Gr\u00f6\u00dfe: kr\u00e4ftiges, bl\u00fchf\u00e4higes Teilst\u00fcck Bl\u00fctezeit: Mitte Juli - Mitte August\",\"breadcrumb\":{\"@id\":\"https:\\\/\\\/pfingstrosen-paradies.de\\\/shop\\\/weitere-pflanzen\\\/agapanthus-winterhart-blau\\\/#breadcrumb\"},\"inLanguage\":\"en-GB\",\"potentialAction\":[{\"@type\":\"ReadAction\",\"target\":[\"https:\\\/\\\/pfingstrosen-paradies.de\\\/shop\\\/weitere-pflanzen\\\/agapanthus-winterhart-blau\\\/\"]}]},{\"@type\":\"ImageObject\",\"inLanguage\":\"en-GB\",\"@id\":\"https:\\\/\\\/pfingstrosen-paradies.de\\\/shop\\\/weitere-pflanzen\\\/agapanthus-winterhart-blau\\\/#primaryimage\",\"url\":\"https:\\\/\\\/pfingstrosen-paradies.de\\\/wp-content\\\/uploads\\\/Agapanthus-blau.jpg\",\"contentUrl\":\"https:\\\/\\\/pfingstrosen-paradies.de\\\/wp-content\\\/uploads\\\/Agapanthus-blau.jpg\",\"width\":1280,\"height\":960,\"caption\":\"Agapanthus blau\"},{\"@type\":\"BreadcrumbList\",\"@id\":\"https:\\\/\\\/pfingstrosen-paradies.de\\\/shop\\\/weitere-pflanzen\\\/agapanthus-winterhart-blau\\\/#breadcrumb\",\"itemListElement\":[{\"@type\":\"ListItem\",\"position\":1,\"name\":\"Start\",\"item\":\"https:\\\/\\\/pfingstrosen-paradies.de\\\/\"},{\"@type\":\"ListItem\",\"position\":2,\"name\":\"Shop\",\"item\":\"https:\\\/\\\/pfingstrosen-paradies.de\\\/shop\\\/\"},{\"@type\":\"ListItem\",\"position\":3,\"name\":\"Agapanthus winterhart, blau\"}]},{\"@type\":\"WebSite\",\"@id\":\"https:\\\/\\\/pfingstrosen-paradies.de\\\/#website\",\"url\":\"https:\\\/\\\/pfingstrosen-paradies.de\\\/\",\"name\":\"Pfingstrosen-Paradies\",\"description\":\"Fachg\u00e4rtnerei f\u00fcr Pfingstrosen\",\"publisher\":{\"@id\":\"https:\\\/\\\/pfingstrosen-paradies.de\\\/#organization\"},\"potentialAction\":[{\"@type\":\"SearchAction\",\"target\":{\"@type\":\"EntryPoint\",\"urlTemplate\":\"https:\\\/\\\/pfingstrosen-paradies.de\\\/?s={search_term_string}\"},\"query-input\":{\"@type\":\"PropertyValueSpecification\",\"valueRequired\":true,\"valueName\":\"search_term_string\"}}],\"inLanguage\":\"en-GB\"},{\"@type\":\"Organization\",\"@id\":\"https:\\\/\\\/pfingstrosen-paradies.de\\\/#organization\",\"name\":\"Pfingstrosen-Paradies\",\"url\":\"https:\\\/\\\/pfingstrosen-paradies.de\\\/\",\"logo\":{\"@type\":\"ImageObject\",\"inLanguage\":\"en-GB\",\"@id\":\"https:\\\/\\\/pfingstrosen-paradies.de\\\/#\\\/schema\\\/logo\\\/image\\\/\",\"url\":\"https:\\\/\\\/pfingstrosen-paradies.de\\\/wp-content\\\/uploads\\\/2021\\\/02\\\/logo-pfingstrosen.png\",\"contentUrl\":\"https:\\\/\\\/pfingstrosen-paradies.de\\\/wp-content\\\/uploads\\\/2021\\\/02\\\/logo-pfingstrosen.png\",\"width\":1568,\"height\":366,\"caption\":\"Pfingstrosen-Paradies\"},\"image\":{\"@id\":\"https:\\\/\\\/pfingstrosen-paradies.de\\\/#\\\/schema\\\/logo\\\/image\\\/\"}}]}<\/script>\n<!-- \/ Yoast SEO plugin. -->","yoast_head_json":{"title":"Agapanthus winterhart, blau | Pfingstrosen-Paradies Tetzlaff","description":"Weitere Pflanzen | Qualit\u00e4t\/ Gr\u00f6\u00dfe: kr\u00e4ftiges, bl\u00fchf\u00e4higes Teilst\u00fcck Bl\u00fctezeit: Mitte Juli - Mitte August","robots":{"index":"index","follow":"follow","max-snippet":"max-snippet:-1","max-image-preview":"max-image-preview:large","max-video-preview":"max-video-preview:-1"},"canonical":"https:\/\/pfingstrosen-paradies.de\/en\/shop\/weitere-pflanzen\/agapanthus-winterhart-blau\/","og_locale":"en_GB","og_type":"article","og_title":"Agapanthus winterhart, blau | Pfingstrosen-Paradies Tetzlaff","og_description":"Weitere Pflanzen | Qualit\u00e4t\/ Gr\u00f6\u00dfe: kr\u00e4ftiges, bl\u00fchf\u00e4higes Teilst\u00fcck Bl\u00fctezeit: Mitte Juli - Mitte August","og_url":"https:\/\/pfingstrosen-paradies.de\/en\/shop\/weitere-pflanzen\/agapanthus-winterhart-blau\/","og_site_name":"Pfingstrosen-Paradies","article_modified_time":"2026-04-19T17:48:17+00:00","og_image":[{"width":1280,"height":960,"url":"https:\/\/pfingstrosen-paradies.de\/wp-content\/uploads\/Agapanthus-blau.jpg","type":"image\/jpeg"}],"twitter_card":"summary_large_image","twitter_misc":{"Estimated reading time":"2 minutes"},"schema":{"@context":"https:\/\/schema.org","@graph":[{"@type":"WebPage","@id":"https:\/\/pfingstrosen-paradies.de\/shop\/weitere-pflanzen\/agapanthus-winterhart-blau\/","url":"https:\/\/pfingstrosen-paradies.de\/shop\/weitere-pflanzen\/agapanthus-winterhart-blau\/","name":"Agapanthus winterhart, blau | Pfingstrosen-Paradies Tetzlaff","isPartOf":{"@id":"https:\/\/pfingstrosen-paradies.de\/#website"},"primaryImageOfPage":{"@id":"https:\/\/pfingstrosen-paradies.de\/shop\/weitere-pflanzen\/agapanthus-winterhart-blau\/#primaryimage"},"image":{"@id":"https:\/\/pfingstrosen-paradies.de\/shop\/weitere-pflanzen\/agapanthus-winterhart-blau\/#primaryimage"},"thumbnailUrl":"https:\/\/pfingstrosen-paradies.de\/wp-content\/uploads\/Agapanthus-blau.jpg","datePublished":"2022-01-05T20:20:28+00:00","dateModified":"2026-04-19T17:48:17+00:00","description":"Weitere Pflanzen | Qualit\u00e4t\/ Gr\u00f6\u00dfe: kr\u00e4ftiges, bl\u00fchf\u00e4higes Teilst\u00fcck Bl\u00fctezeit: Mitte Juli - Mitte August","breadcrumb":{"@id":"https:\/\/pfingstrosen-paradies.de\/shop\/weitere-pflanzen\/agapanthus-winterhart-blau\/#breadcrumb"},"inLanguage":"en-GB","potentialAction":[{"@type":"ReadAction","target":["https:\/\/pfingstrosen-paradies.de\/shop\/weitere-pflanzen\/agapanthus-winterhart-blau\/"]}]},{"@type":"ImageObject","inLanguage":"en-GB","@id":"https:\/\/pfingstrosen-paradies.de\/shop\/weitere-pflanzen\/agapanthus-winterhart-blau\/#primaryimage","url":"https:\/\/pfingstrosen-paradies.de\/wp-content\/uploads\/Agapanthus-blau.jpg","contentUrl":"https:\/\/pfingstrosen-paradies.de\/wp-content\/uploads\/Agapanthus-blau.jpg","width":1280,"height":960,"caption":"Agapanthus blau"},{"@type":"BreadcrumbList","@id":"https:\/\/pfingstrosen-paradies.de\/shop\/weitere-pflanzen\/agapanthus-winterhart-blau\/#breadcrumb","itemListElement":[{"@type":"ListItem","position":1,"name":"Start","item":"https:\/\/pfingstrosen-paradies.de\/"},{"@type":"ListItem","position":2,"name":"Shop","item":"https:\/\/pfingstrosen-paradies.de\/shop\/"},{"@type":"ListItem","position":3,"name":"Agapanthus winterhart, blau"}]},{"@type":"WebSite","@id":"https:\/\/pfingstrosen-paradies.de\/#website","url":"https:\/\/pfingstrosen-paradies.de\/","name":"Pfingstrosen-Paradies","description":"Fachg\u00e4rtnerei f\u00fcr Pfingstrosen","publisher":{"@id":"https:\/\/pfingstrosen-paradies.de\/#organization"},"potentialAction":[{"@type":"SearchAction","target":{"@type":"EntryPoint","urlTemplate":"https:\/\/pfingstrosen-paradies.de\/?s={search_term_string}"},"query-input":{"@type":"PropertyValueSpecification","valueRequired":true,"valueName":"search_term_string"}}],"inLanguage":"en-GB"},{"@type":"Organization","@id":"https:\/\/pfingstrosen-paradies.de\/#organization","name":"Pfingstrosen-Paradies","url":"https:\/\/pfingstrosen-paradies.de\/","logo":{"@type":"ImageObject","inLanguage":"en-GB","@id":"https:\/\/pfingstrosen-paradies.de\/#\/schema\/logo\/image\/","url":"https:\/\/pfingstrosen-paradies.de\/wp-content\/uploads\/2021\/02\/logo-pfingstrosen.png","contentUrl":"https:\/\/pfingstrosen-paradies.de\/wp-content\/uploads\/2021\/02\/logo-pfingstrosen.png","width":1568,"height":366,"caption":"Pfingstrosen-Paradies"},"image":{"@id":"https:\/\/pfingstrosen-paradies.de\/#\/schema\/logo\/image\/"}}]}},"_links":{"self":[{"href":"https:\/\/pfingstrosen-paradies.de\/en\/wp-json\/wp\/v2\/product\/4534","targetHints":{"allow":["GET"]}}],"collection":[{"href":"https:\/\/pfingstrosen-paradies.de\/en\/wp-json\/wp\/v2\/product"}],"about":[{"href":"https:\/\/pfingstrosen-paradies.de\/en\/wp-json\/wp\/v2\/types\/product"}],"wp:featuredmedia":[{"embeddable":true,"href":"https:\/\/pfingstrosen-paradies.de\/en\/wp-json\/wp\/v2\/media\/4549"}],"wp:attachment":[{"href":"https:\/\/pfingstrosen-paradies.de\/en\/wp-json\/wp\/v2\/media?parent=4534"}],"wp:term":[{"taxonomy":"product_brand","embeddable":true,"href":"https:\/\/pfingstrosen-paradies.de\/en\/wp-json\/wp\/v2\/product_brand?post=4534"},{"taxonomy":"product_cat","embeddable":true,"href":"https:\/\/pfingstrosen-paradies.de\/en\/wp-json\/wp\/v2\/product_cat?post=4534"},{"taxonomy":"product_tag","embeddable":true,"href":"https:\/\/pfingstrosen-paradies.de\/en\/wp-json\/wp\/v2\/product_tag?post=4534"}],"curies":[{"name":"wp","href":"https:\/\/api.w.org\/{rel}","templated":true}]}}