{"id":9849,"date":"2023-02-01T11:36:03","date_gmt":"2023-02-01T10:36:03","guid":{"rendered":"https:\/\/pfingstrosen-paradies.de\/?post_type=product&#038;p=9849"},"modified":"2026-04-08T13:10:44","modified_gmt":"2026-04-08T11:10:44","slug":"white-kiwi","status":"publish","type":"product","link":"https:\/\/pfingstrosen-paradies.de\/en\/shop\/baumpaeonien\/rockii-hybriden\/white-kiwi\/","title":{"rendered":"White Kiwi"},"content":{"rendered":"<p>Diesen S\u00e4mling erhielten wir von McFarlane aus Neuseeland. Nach langer Erprobungsphase im Schaugarten waren wir mehr als begeistert von dieser Rockii Sorte und entschieden uns die Pflanze zu vermehren und ihr einen Namen zu geben. Aufgrund der neuseel\u00e4ndischen Herkunft haben wir diese auff\u00e4llige Sorte nun &#8218;White Kiwi&#8216; getauft. Die Bl\u00fcten sind dicht gef\u00fcllt und dennoch ist der f\u00fcr die Rockiis typische violette Basalfleck sichtbar. Es kommt aber durchaus vor, dass einzelne Bl\u00fcten weniger gef\u00fcllt sind. Die Bl\u00fcten haben einen Durchmesser von 20 cm und stehen stets aufrecht und haben zudem einen leichten Duft. Das Laub ist fein geschlitzt und verf\u00e4rbt sich zum Ende des Sommers erst in einen auff\u00e4lligen Bronzeton, der sp\u00e4ter in ein leuchtendes Gelb \u00fcbergeht. Wuchsh\u00f6he bis 150 cm.<\/p>","protected":false},"excerpt":{"rendered":"<p>Diesen S\u00e4mling erhielten wir von McFarlane aus Neuseeland. Nach langer Erprobungsphase im Schaugarten waren wir mehr als begeistert von dieser Rockii Sorte und entschieden uns die Pflanze zu vermehren und ihr einen Namen zu geben. Aufgrund der neuseel\u00e4ndischen Herkunft haben wir diese auff\u00e4llige Sorte nun &#8218;White Kiwi&#8216; getauft. Die Bl\u00fcten sind dicht gef\u00fcllt und dennoch [&hellip;]<\/p>\n","protected":false},"featured_media":9851,"template":"","meta":[],"product_brand":[],"product_cat":[35,34],"product_tag":[],"class_list":{"0":"post-9849","1":"product","2":"type-product","3":"status-publish","4":"has-post-thumbnail","6":"product_cat-rockii-hybriden","7":"product_cat-baumpaeonien","9":"first","10":"outofstock","11":"taxable","12":"shipping-taxable","13":"purchasable","14":"product-type-simple"},"featured_image_urls":{"full":["https:\/\/pfingstrosen-paradies.de\/wp-content\/uploads\/Rocki-NZL-gefuellt-ex-Heeni-3.jpg",1280,960,false],"thumbnail":["https:\/\/pfingstrosen-paradies.de\/wp-content\/uploads\/Rocki-NZL-gefuellt-ex-Heeni-3-150x150.jpg",150,150,true],"medium":["https:\/\/pfingstrosen-paradies.de\/wp-content\/uploads\/Rocki-NZL-gefuellt-ex-Heeni-3-300x225.jpg",300,225,true],"medium_large":["https:\/\/pfingstrosen-paradies.de\/wp-content\/uploads\/Rocki-NZL-gefuellt-ex-Heeni-3-768x576.jpg",768,576,true],"large":["https:\/\/pfingstrosen-paradies.de\/wp-content\/uploads\/Rocki-NZL-gefuellt-ex-Heeni-3-1024x768.jpg",1024,768,true],"1536x1536":["https:\/\/pfingstrosen-paradies.de\/wp-content\/uploads\/Rocki-NZL-gefuellt-ex-Heeni-3.jpg",1280,960,false],"2048x2048":["https:\/\/pfingstrosen-paradies.de\/wp-content\/uploads\/Rocki-NZL-gefuellt-ex-Heeni-3.jpg",1280,960,false],"trp-custom-language-flag":["https:\/\/pfingstrosen-paradies.de\/wp-content\/uploads\/Rocki-NZL-gefuellt-ex-Heeni-3-16x12.jpg",16,12,true],"ptam-block-post-grid-landscape":["https:\/\/pfingstrosen-paradies.de\/wp-content\/uploads\/Rocki-NZL-gefuellt-ex-Heeni-3-600x400.jpg",600,400,true],"ptam-block-post-grid-square":["https:\/\/pfingstrosen-paradies.de\/wp-content\/uploads\/Rocki-NZL-gefuellt-ex-Heeni-3-600x600.jpg",600,600,true],"ptam-block-post-grid-featured-landscape":["https:\/\/pfingstrosen-paradies.de\/wp-content\/uploads\/Rocki-NZL-gefuellt-ex-Heeni-3-1000x600.jpg",1000,600,true],"woocommerce_archive_thumbnail":["https:\/\/pfingstrosen-paradies.de\/wp-content\/uploads\/Rocki-NZL-gefuellt-ex-Heeni-3-400x350.jpg",400,350,true],"woocommerce_thumbnail":["https:\/\/pfingstrosen-paradies.de\/wp-content\/uploads\/Rocki-NZL-gefuellt-ex-Heeni-3-400x350.jpg",400,350,true],"woocommerce_single":["https:\/\/pfingstrosen-paradies.de\/wp-content\/uploads\/Rocki-NZL-gefuellt-ex-Heeni-3-1200x900.jpg",1200,900,true],"woocommerce_gallery_thumbnail":["https:\/\/pfingstrosen-paradies.de\/wp-content\/uploads\/Rocki-NZL-gefuellt-ex-Heeni-3-100x100.jpg",100,100,true]},"post_excerpt_stackable":"<p>Diesen S\u00e4mling erhielten wir von McFarlane aus Neuseeland. Nach langer Erprobungsphase im Schaugarten waren wir mehr als begeistert von dieser Rockii Sorte und entschieden uns die Pflanze zu vermehren und ihr einen Namen zu geben. Aufgrund der neuseel\u00e4ndischen Herkunft haben wir diese auff\u00e4llige Sorte nun &#8218;White Kiwi&#8216; getauft. Die Bl\u00fcten sind dicht gef\u00fcllt und dennoch ist der f\u00fcr die Rockiis typische violette Basalfleck sichtbar. Es kommt aber durchaus vor, dass einzelne Bl\u00fcten weniger gef\u00fcllt sind. Die Bl\u00fcten haben einen Durchmesser von 20 cm und stehen stets aufrecht und haben zudem einen leichten Duft. Das Laub ist fein geschlitzt und verf\u00e4rbt&hellip;<\/p>\n","category_list":"","author_info":{"name":"","url":""},"comments_num":"0 comments","featured_image_urls_v2":{"full":["https:\/\/pfingstrosen-paradies.de\/wp-content\/uploads\/Rocki-NZL-gefuellt-ex-Heeni-3.jpg",1280,960,false],"thumbnail":["https:\/\/pfingstrosen-paradies.de\/wp-content\/uploads\/Rocki-NZL-gefuellt-ex-Heeni-3-150x150.jpg",150,150,true],"medium":["https:\/\/pfingstrosen-paradies.de\/wp-content\/uploads\/Rocki-NZL-gefuellt-ex-Heeni-3-300x225.jpg",300,225,true],"medium_large":["https:\/\/pfingstrosen-paradies.de\/wp-content\/uploads\/Rocki-NZL-gefuellt-ex-Heeni-3-768x576.jpg",768,576,true],"large":["https:\/\/pfingstrosen-paradies.de\/wp-content\/uploads\/Rocki-NZL-gefuellt-ex-Heeni-3-1024x768.jpg",1024,768,true],"1536x1536":["https:\/\/pfingstrosen-paradies.de\/wp-content\/uploads\/Rocki-NZL-gefuellt-ex-Heeni-3.jpg",1280,960,false],"2048x2048":["https:\/\/pfingstrosen-paradies.de\/wp-content\/uploads\/Rocki-NZL-gefuellt-ex-Heeni-3.jpg",1280,960,false],"trp-custom-language-flag":["https:\/\/pfingstrosen-paradies.de\/wp-content\/uploads\/Rocki-NZL-gefuellt-ex-Heeni-3-16x12.jpg",16,12,true],"ptam-block-post-grid-landscape":["https:\/\/pfingstrosen-paradies.de\/wp-content\/uploads\/Rocki-NZL-gefuellt-ex-Heeni-3-600x400.jpg",600,400,true],"ptam-block-post-grid-square":["https:\/\/pfingstrosen-paradies.de\/wp-content\/uploads\/Rocki-NZL-gefuellt-ex-Heeni-3-600x600.jpg",600,600,true],"ptam-block-post-grid-featured-landscape":["https:\/\/pfingstrosen-paradies.de\/wp-content\/uploads\/Rocki-NZL-gefuellt-ex-Heeni-3-1000x600.jpg",1000,600,true],"woocommerce_archive_thumbnail":["https:\/\/pfingstrosen-paradies.de\/wp-content\/uploads\/Rocki-NZL-gefuellt-ex-Heeni-3-400x350.jpg",400,350,true],"woocommerce_thumbnail":["https:\/\/pfingstrosen-paradies.de\/wp-content\/uploads\/Rocki-NZL-gefuellt-ex-Heeni-3-400x350.jpg",400,350,true],"woocommerce_single":["https:\/\/pfingstrosen-paradies.de\/wp-content\/uploads\/Rocki-NZL-gefuellt-ex-Heeni-3-1200x900.jpg",1200,900,true],"woocommerce_gallery_thumbnail":["https:\/\/pfingstrosen-paradies.de\/wp-content\/uploads\/Rocki-NZL-gefuellt-ex-Heeni-3-100x100.jpg",100,100,true]},"post_excerpt_stackable_v2":"<p>Diesen S\u00e4mling erhielten wir von McFarlane aus Neuseeland. Nach langer Erprobungsphase im Schaugarten waren wir mehr als begeistert von dieser Rockii Sorte und entschieden uns die Pflanze zu vermehren und ihr einen Namen zu geben. Aufgrund der neuseel\u00e4ndischen Herkunft haben wir diese auff\u00e4llige Sorte nun &#8218;White Kiwi&#8216; getauft. Die Bl\u00fcten sind dicht gef\u00fcllt und dennoch ist der f\u00fcr die Rockiis typische violette Basalfleck sichtbar. Es kommt aber durchaus vor, dass einzelne Bl\u00fcten weniger gef\u00fcllt sind. Die Bl\u00fcten haben einen Durchmesser von 20 cm und stehen stets aufrecht und haben zudem einen leichten Duft. Das Laub ist fein geschlitzt und verf\u00e4rbt&hellip;<\/p>\n","category_list_v2":"","author_info_v2":{"name":"","url":""},"comments_num_v2":"0 comments","yoast_head":"<!-- This site is optimized with the Yoast SEO plugin v27.3 - https:\/\/yoast.com\/product\/yoast-seo-wordpress\/ -->\n<title>Paeonia &#039;White Kiwi&#039; | Pfingstrosen-Paradies Tetzlaff<\/title>\n<meta name=\"description\" content=\"Rockii-Hybriden, Strauchp\u00e4onien | Diesen S\u00e4mling erhielten wir von McFarlane aus Neuseeland. Nach langer Erprobungsphase im Schaugarten waren wir mehr als begeistert von dieser Rockii\" \/>\n<meta name=\"robots\" content=\"index, follow, max-snippet:-1, max-image-preview:large, max-video-preview:-1\" \/>\n<link rel=\"canonical\" href=\"https:\/\/pfingstrosen-paradies.de\/en\/shop\/baumpaeonien\/rockii-hybriden\/white-kiwi\/\" \/>\n<meta property=\"og:locale\" content=\"en_GB\" \/>\n<meta property=\"og:type\" content=\"article\" \/>\n<meta property=\"og:title\" content=\"Paeonia &#039;White Kiwi&#039; | Pfingstrosen-Paradies Tetzlaff\" \/>\n<meta property=\"og:description\" content=\"Rockii-Hybriden, Strauchp\u00e4onien | Diesen S\u00e4mling erhielten wir von McFarlane aus Neuseeland. Nach langer Erprobungsphase im Schaugarten waren wir mehr als begeistert von dieser Rockii\" \/>\n<meta property=\"og:url\" content=\"https:\/\/pfingstrosen-paradies.de\/en\/shop\/baumpaeonien\/rockii-hybriden\/white-kiwi\/\" \/>\n<meta property=\"og:site_name\" content=\"Pfingstrosen-Paradies\" \/>\n<meta property=\"article:modified_time\" content=\"2026-04-08T11:10:44+00:00\" \/>\n<meta property=\"og:image\" content=\"https:\/\/pfingstrosen-paradies.de\/wp-content\/uploads\/Rocki-NZL-gefuellt-ex-Heeni-3.jpg\" \/>\n\t<meta property=\"og:image:width\" content=\"1280\" \/>\n\t<meta property=\"og:image:height\" content=\"960\" \/>\n\t<meta property=\"og:image:type\" content=\"image\/jpeg\" \/>\n<meta name=\"twitter:card\" content=\"summary_large_image\" \/>\n<meta name=\"twitter:label1\" content=\"Estimated reading time\" \/>\n\t<meta name=\"twitter:data1\" content=\"1 minute\" \/>\n<script type=\"application\/ld+json\" class=\"yoast-schema-graph\">{\"@context\":\"https:\\\/\\\/schema.org\",\"@graph\":[{\"@type\":\"WebPage\",\"@id\":\"https:\\\/\\\/pfingstrosen-paradies.de\\\/shop\\\/baumpaeonien\\\/rockii-hybriden\\\/white-kiwi\\\/\",\"url\":\"https:\\\/\\\/pfingstrosen-paradies.de\\\/shop\\\/baumpaeonien\\\/rockii-hybriden\\\/white-kiwi\\\/\",\"name\":\"Paeonia 'White Kiwi' | Pfingstrosen-Paradies Tetzlaff\",\"isPartOf\":{\"@id\":\"https:\\\/\\\/pfingstrosen-paradies.de\\\/#website\"},\"primaryImageOfPage\":{\"@id\":\"https:\\\/\\\/pfingstrosen-paradies.de\\\/shop\\\/baumpaeonien\\\/rockii-hybriden\\\/white-kiwi\\\/#primaryimage\"},\"image\":{\"@id\":\"https:\\\/\\\/pfingstrosen-paradies.de\\\/shop\\\/baumpaeonien\\\/rockii-hybriden\\\/white-kiwi\\\/#primaryimage\"},\"thumbnailUrl\":\"https:\\\/\\\/pfingstrosen-paradies.de\\\/wp-content\\\/uploads\\\/Rocki-NZL-gefuellt-ex-Heeni-3.jpg\",\"datePublished\":\"2023-02-01T10:36:03+00:00\",\"dateModified\":\"2026-04-08T11:10:44+00:00\",\"description\":\"Rockii-Hybriden, Strauchp\u00e4onien | Diesen S\u00e4mling erhielten wir von McFarlane aus Neuseeland. Nach langer Erprobungsphase im Schaugarten waren wir mehr als begeistert von dieser Rockii\",\"breadcrumb\":{\"@id\":\"https:\\\/\\\/pfingstrosen-paradies.de\\\/shop\\\/baumpaeonien\\\/rockii-hybriden\\\/white-kiwi\\\/#breadcrumb\"},\"inLanguage\":\"en-GB\",\"potentialAction\":[{\"@type\":\"ReadAction\",\"target\":[\"https:\\\/\\\/pfingstrosen-paradies.de\\\/shop\\\/baumpaeonien\\\/rockii-hybriden\\\/white-kiwi\\\/\"]}]},{\"@type\":\"ImageObject\",\"inLanguage\":\"en-GB\",\"@id\":\"https:\\\/\\\/pfingstrosen-paradies.de\\\/shop\\\/baumpaeonien\\\/rockii-hybriden\\\/white-kiwi\\\/#primaryimage\",\"url\":\"https:\\\/\\\/pfingstrosen-paradies.de\\\/wp-content\\\/uploads\\\/Rocki-NZL-gefuellt-ex-Heeni-3.jpg\",\"contentUrl\":\"https:\\\/\\\/pfingstrosen-paradies.de\\\/wp-content\\\/uploads\\\/Rocki-NZL-gefuellt-ex-Heeni-3.jpg\",\"width\":1280,\"height\":960,\"caption\":\"White Kiwi\"},{\"@type\":\"BreadcrumbList\",\"@id\":\"https:\\\/\\\/pfingstrosen-paradies.de\\\/shop\\\/baumpaeonien\\\/rockii-hybriden\\\/white-kiwi\\\/#breadcrumb\",\"itemListElement\":[{\"@type\":\"ListItem\",\"position\":1,\"name\":\"Start\",\"item\":\"https:\\\/\\\/pfingstrosen-paradies.de\\\/\"},{\"@type\":\"ListItem\",\"position\":2,\"name\":\"Shop\",\"item\":\"https:\\\/\\\/pfingstrosen-paradies.de\\\/shop\\\/\"},{\"@type\":\"ListItem\",\"position\":3,\"name\":\"White Kiwi\"}]},{\"@type\":\"WebSite\",\"@id\":\"https:\\\/\\\/pfingstrosen-paradies.de\\\/#website\",\"url\":\"https:\\\/\\\/pfingstrosen-paradies.de\\\/\",\"name\":\"Pfingstrosen-Paradies\",\"description\":\"Fachg\u00e4rtnerei f\u00fcr Pfingstrosen\",\"publisher\":{\"@id\":\"https:\\\/\\\/pfingstrosen-paradies.de\\\/#organization\"},\"potentialAction\":[{\"@type\":\"SearchAction\",\"target\":{\"@type\":\"EntryPoint\",\"urlTemplate\":\"https:\\\/\\\/pfingstrosen-paradies.de\\\/?s={search_term_string}\"},\"query-input\":{\"@type\":\"PropertyValueSpecification\",\"valueRequired\":true,\"valueName\":\"search_term_string\"}}],\"inLanguage\":\"en-GB\"},{\"@type\":\"Organization\",\"@id\":\"https:\\\/\\\/pfingstrosen-paradies.de\\\/#organization\",\"name\":\"Pfingstrosen-Paradies\",\"url\":\"https:\\\/\\\/pfingstrosen-paradies.de\\\/\",\"logo\":{\"@type\":\"ImageObject\",\"inLanguage\":\"en-GB\",\"@id\":\"https:\\\/\\\/pfingstrosen-paradies.de\\\/#\\\/schema\\\/logo\\\/image\\\/\",\"url\":\"https:\\\/\\\/pfingstrosen-paradies.de\\\/wp-content\\\/uploads\\\/2021\\\/02\\\/logo-pfingstrosen.png\",\"contentUrl\":\"https:\\\/\\\/pfingstrosen-paradies.de\\\/wp-content\\\/uploads\\\/2021\\\/02\\\/logo-pfingstrosen.png\",\"width\":1568,\"height\":366,\"caption\":\"Pfingstrosen-Paradies\"},\"image\":{\"@id\":\"https:\\\/\\\/pfingstrosen-paradies.de\\\/#\\\/schema\\\/logo\\\/image\\\/\"}}]}<\/script>\n<!-- \/ Yoast SEO plugin. -->","yoast_head_json":{"title":"Paeonia 'White Kiwi' | Pfingstrosen-Paradies Tetzlaff","description":"Rockii-Hybriden, Strauchp\u00e4onien | Diesen S\u00e4mling erhielten wir von McFarlane aus Neuseeland. Nach langer Erprobungsphase im Schaugarten waren wir mehr als begeistert von dieser Rockii","robots":{"index":"index","follow":"follow","max-snippet":"max-snippet:-1","max-image-preview":"max-image-preview:large","max-video-preview":"max-video-preview:-1"},"canonical":"https:\/\/pfingstrosen-paradies.de\/en\/shop\/baumpaeonien\/rockii-hybriden\/white-kiwi\/","og_locale":"en_GB","og_type":"article","og_title":"Paeonia 'White Kiwi' | Pfingstrosen-Paradies Tetzlaff","og_description":"Rockii-Hybriden, Strauchp\u00e4onien | Diesen S\u00e4mling erhielten wir von McFarlane aus Neuseeland. Nach langer Erprobungsphase im Schaugarten waren wir mehr als begeistert von dieser Rockii","og_url":"https:\/\/pfingstrosen-paradies.de\/en\/shop\/baumpaeonien\/rockii-hybriden\/white-kiwi\/","og_site_name":"Pfingstrosen-Paradies","article_modified_time":"2026-04-08T11:10:44+00:00","og_image":[{"width":1280,"height":960,"url":"https:\/\/pfingstrosen-paradies.de\/wp-content\/uploads\/Rocki-NZL-gefuellt-ex-Heeni-3.jpg","type":"image\/jpeg"}],"twitter_card":"summary_large_image","twitter_misc":{"Estimated reading time":"1 minute"},"schema":{"@context":"https:\/\/schema.org","@graph":[{"@type":"WebPage","@id":"https:\/\/pfingstrosen-paradies.de\/shop\/baumpaeonien\/rockii-hybriden\/white-kiwi\/","url":"https:\/\/pfingstrosen-paradies.de\/shop\/baumpaeonien\/rockii-hybriden\/white-kiwi\/","name":"Paeonia 'White Kiwi' | Pfingstrosen-Paradies Tetzlaff","isPartOf":{"@id":"https:\/\/pfingstrosen-paradies.de\/#website"},"primaryImageOfPage":{"@id":"https:\/\/pfingstrosen-paradies.de\/shop\/baumpaeonien\/rockii-hybriden\/white-kiwi\/#primaryimage"},"image":{"@id":"https:\/\/pfingstrosen-paradies.de\/shop\/baumpaeonien\/rockii-hybriden\/white-kiwi\/#primaryimage"},"thumbnailUrl":"https:\/\/pfingstrosen-paradies.de\/wp-content\/uploads\/Rocki-NZL-gefuellt-ex-Heeni-3.jpg","datePublished":"2023-02-01T10:36:03+00:00","dateModified":"2026-04-08T11:10:44+00:00","description":"Rockii-Hybriden, Strauchp\u00e4onien | Diesen S\u00e4mling erhielten wir von McFarlane aus Neuseeland. Nach langer Erprobungsphase im Schaugarten waren wir mehr als begeistert von dieser Rockii","breadcrumb":{"@id":"https:\/\/pfingstrosen-paradies.de\/shop\/baumpaeonien\/rockii-hybriden\/white-kiwi\/#breadcrumb"},"inLanguage":"en-GB","potentialAction":[{"@type":"ReadAction","target":["https:\/\/pfingstrosen-paradies.de\/shop\/baumpaeonien\/rockii-hybriden\/white-kiwi\/"]}]},{"@type":"ImageObject","inLanguage":"en-GB","@id":"https:\/\/pfingstrosen-paradies.de\/shop\/baumpaeonien\/rockii-hybriden\/white-kiwi\/#primaryimage","url":"https:\/\/pfingstrosen-paradies.de\/wp-content\/uploads\/Rocki-NZL-gefuellt-ex-Heeni-3.jpg","contentUrl":"https:\/\/pfingstrosen-paradies.de\/wp-content\/uploads\/Rocki-NZL-gefuellt-ex-Heeni-3.jpg","width":1280,"height":960,"caption":"White Kiwi"},{"@type":"BreadcrumbList","@id":"https:\/\/pfingstrosen-paradies.de\/shop\/baumpaeonien\/rockii-hybriden\/white-kiwi\/#breadcrumb","itemListElement":[{"@type":"ListItem","position":1,"name":"Start","item":"https:\/\/pfingstrosen-paradies.de\/"},{"@type":"ListItem","position":2,"name":"Shop","item":"https:\/\/pfingstrosen-paradies.de\/shop\/"},{"@type":"ListItem","position":3,"name":"White Kiwi"}]},{"@type":"WebSite","@id":"https:\/\/pfingstrosen-paradies.de\/#website","url":"https:\/\/pfingstrosen-paradies.de\/","name":"Pfingstrosen-Paradies","description":"Fachg\u00e4rtnerei f\u00fcr Pfingstrosen","publisher":{"@id":"https:\/\/pfingstrosen-paradies.de\/#organization"},"potentialAction":[{"@type":"SearchAction","target":{"@type":"EntryPoint","urlTemplate":"https:\/\/pfingstrosen-paradies.de\/?s={search_term_string}"},"query-input":{"@type":"PropertyValueSpecification","valueRequired":true,"valueName":"search_term_string"}}],"inLanguage":"en-GB"},{"@type":"Organization","@id":"https:\/\/pfingstrosen-paradies.de\/#organization","name":"Pfingstrosen-Paradies","url":"https:\/\/pfingstrosen-paradies.de\/","logo":{"@type":"ImageObject","inLanguage":"en-GB","@id":"https:\/\/pfingstrosen-paradies.de\/#\/schema\/logo\/image\/","url":"https:\/\/pfingstrosen-paradies.de\/wp-content\/uploads\/2021\/02\/logo-pfingstrosen.png","contentUrl":"https:\/\/pfingstrosen-paradies.de\/wp-content\/uploads\/2021\/02\/logo-pfingstrosen.png","width":1568,"height":366,"caption":"Pfingstrosen-Paradies"},"image":{"@id":"https:\/\/pfingstrosen-paradies.de\/#\/schema\/logo\/image\/"}}]}},"_links":{"self":[{"href":"https:\/\/pfingstrosen-paradies.de\/en\/wp-json\/wp\/v2\/product\/9849","targetHints":{"allow":["GET"]}}],"collection":[{"href":"https:\/\/pfingstrosen-paradies.de\/en\/wp-json\/wp\/v2\/product"}],"about":[{"href":"https:\/\/pfingstrosen-paradies.de\/en\/wp-json\/wp\/v2\/types\/product"}],"wp:featuredmedia":[{"embeddable":true,"href":"https:\/\/pfingstrosen-paradies.de\/en\/wp-json\/wp\/v2\/media\/9851"}],"wp:attachment":[{"href":"https:\/\/pfingstrosen-paradies.de\/en\/wp-json\/wp\/v2\/media?parent=9849"}],"wp:term":[{"taxonomy":"product_brand","embeddable":true,"href":"https:\/\/pfingstrosen-paradies.de\/en\/wp-json\/wp\/v2\/product_brand?post=9849"},{"taxonomy":"product_cat","embeddable":true,"href":"https:\/\/pfingstrosen-paradies.de\/en\/wp-json\/wp\/v2\/product_cat?post=9849"},{"taxonomy":"product_tag","embeddable":true,"href":"https:\/\/pfingstrosen-paradies.de\/en\/wp-json\/wp\/v2\/product_tag?post=9849"}],"curies":[{"name":"wp","href":"https:\/\/api.w.org\/{rel}","templated":true}]}}