{"id":9929,"date":"2023-02-03T12:32:40","date_gmt":"2023-02-03T11:32:40","guid":{"rendered":"https:\/\/pfingstrosen-paradies.de\/?post_type=product&#038;p=9929"},"modified":"2026-03-28T16:59:31","modified_gmt":"2026-03-28T15:59:31","slug":"danse-du-feu","status":"publish","type":"product","link":"https:\/\/pfingstrosen-paradies.de\/en\/shop\/itoh-hybriden\/danse-du-feu\/","title":{"rendered":"Danse du Feu"},"content":{"rendered":"<p>Diese neue Itoh-Hybride des franz\u00f6sischen Z\u00fcchters Thierry Rat besticht durch ihre wundersch\u00f6ne mehrfarbig gef\u00fcllte Bl\u00fcte. Diese Kreuzung wurde 2007 vorgenommen und bl\u00fchte im Jahr 2012 zum ersten Mal. Eine Mischung aus apricot-gelb bis rosa machen diese Sorte zu einem absoluten Hingucker. Die Wuchsh\u00f6he betr\u00e4gt 80-90 cm und ist wie bei den Itohs gewohnt absolut standfest. Die Stiele haben 3-4 Seitenknospen. Durchmesser der Bl\u00fcten: 18 cm<\/p>","protected":false},"excerpt":{"rendered":"<p>Diese neue Itoh-Hybride des franz\u00f6sischen Z\u00fcchters Thierry Rat besticht durch ihre wundersch\u00f6ne mehrfarbig gef\u00fcllte Bl\u00fcte. Diese Kreuzung wurde 2007 vorgenommen und bl\u00fchte im Jahr 2012 zum ersten Mal. Eine Mischung aus apricot-gelb bis rosa machen diese Sorte zu einem absoluten Hingucker. Die Wuchsh\u00f6he betr\u00e4gt 80-90 cm und ist wie bei den Itohs gewohnt absolut standfest. [&hellip;]<\/p>\n","protected":false},"featured_media":11542,"template":"","meta":[],"product_brand":[],"product_cat":[105],"product_tag":[],"class_list":{"0":"post-9929","1":"product","2":"type-product","3":"status-publish","4":"has-post-thumbnail","6":"product_cat-itoh-hybriden","8":"first","9":"instock","10":"taxable","11":"shipping-taxable","12":"purchasable","13":"product-type-simple"},"featured_image_urls":{"full":["https:\/\/pfingstrosen-paradies.de\/wp-content\/uploads\/Danse-du-Feu.jpg",1280,960,false],"thumbnail":["https:\/\/pfingstrosen-paradies.de\/wp-content\/uploads\/Danse-du-Feu-150x150.jpg",150,150,true],"medium":["https:\/\/pfingstrosen-paradies.de\/wp-content\/uploads\/Danse-du-Feu-300x225.jpg",300,225,true],"medium_large":["https:\/\/pfingstrosen-paradies.de\/wp-content\/uploads\/Danse-du-Feu-768x576.jpg",768,576,true],"large":["https:\/\/pfingstrosen-paradies.de\/wp-content\/uploads\/Danse-du-Feu-1024x768.jpg",1024,768,true],"1536x1536":["https:\/\/pfingstrosen-paradies.de\/wp-content\/uploads\/Danse-du-Feu.jpg",1280,960,false],"2048x2048":["https:\/\/pfingstrosen-paradies.de\/wp-content\/uploads\/Danse-du-Feu.jpg",1280,960,false],"trp-custom-language-flag":["https:\/\/pfingstrosen-paradies.de\/wp-content\/uploads\/Danse-du-Feu-16x12.jpg",16,12,true],"ptam-block-post-grid-landscape":["https:\/\/pfingstrosen-paradies.de\/wp-content\/uploads\/Danse-du-Feu-600x400.jpg",600,400,true],"ptam-block-post-grid-square":["https:\/\/pfingstrosen-paradies.de\/wp-content\/uploads\/Danse-du-Feu-600x600.jpg",600,600,true],"ptam-block-post-grid-featured-landscape":["https:\/\/pfingstrosen-paradies.de\/wp-content\/uploads\/Danse-du-Feu-1000x600.jpg",1000,600,true],"woocommerce_archive_thumbnail":["https:\/\/pfingstrosen-paradies.de\/wp-content\/uploads\/Danse-du-Feu-400x350.jpg",400,350,true],"woocommerce_thumbnail":["https:\/\/pfingstrosen-paradies.de\/wp-content\/uploads\/Danse-du-Feu-400x350.jpg",400,350,true],"woocommerce_single":["https:\/\/pfingstrosen-paradies.de\/wp-content\/uploads\/Danse-du-Feu-1200x900.jpg",1200,900,true],"woocommerce_gallery_thumbnail":["https:\/\/pfingstrosen-paradies.de\/wp-content\/uploads\/Danse-du-Feu-100x100.jpg",100,100,true]},"post_excerpt_stackable":"<p>Diese neue Itoh-Hybride des franz\u00f6sischen Z\u00fcchters Thierry Rat besticht durch ihre wundersch\u00f6ne mehrfarbig gef\u00fcllte Bl\u00fcte. Diese Kreuzung wurde 2007 vorgenommen und bl\u00fchte im Jahr 2012 zum ersten Mal. Eine Mischung aus apricot-gelb bis rosa machen diese Sorte zu einem absoluten Hingucker. Die Wuchsh\u00f6he betr\u00e4gt 80-90 cm und ist wie bei den Itohs gewohnt absolut standfest. Die Stiele haben 3-4 Seitenknospen. Durchmesser der Bl\u00fcten: 18 cm<\/p>\n","category_list":"","author_info":{"name":"","url":""},"comments_num":"0 comments","featured_image_urls_v2":{"full":["https:\/\/pfingstrosen-paradies.de\/wp-content\/uploads\/Danse-du-Feu.jpg",1280,960,false],"thumbnail":["https:\/\/pfingstrosen-paradies.de\/wp-content\/uploads\/Danse-du-Feu-150x150.jpg",150,150,true],"medium":["https:\/\/pfingstrosen-paradies.de\/wp-content\/uploads\/Danse-du-Feu-300x225.jpg",300,225,true],"medium_large":["https:\/\/pfingstrosen-paradies.de\/wp-content\/uploads\/Danse-du-Feu-768x576.jpg",768,576,true],"large":["https:\/\/pfingstrosen-paradies.de\/wp-content\/uploads\/Danse-du-Feu-1024x768.jpg",1024,768,true],"1536x1536":["https:\/\/pfingstrosen-paradies.de\/wp-content\/uploads\/Danse-du-Feu.jpg",1280,960,false],"2048x2048":["https:\/\/pfingstrosen-paradies.de\/wp-content\/uploads\/Danse-du-Feu.jpg",1280,960,false],"trp-custom-language-flag":["https:\/\/pfingstrosen-paradies.de\/wp-content\/uploads\/Danse-du-Feu-16x12.jpg",16,12,true],"ptam-block-post-grid-landscape":["https:\/\/pfingstrosen-paradies.de\/wp-content\/uploads\/Danse-du-Feu-600x400.jpg",600,400,true],"ptam-block-post-grid-square":["https:\/\/pfingstrosen-paradies.de\/wp-content\/uploads\/Danse-du-Feu-600x600.jpg",600,600,true],"ptam-block-post-grid-featured-landscape":["https:\/\/pfingstrosen-paradies.de\/wp-content\/uploads\/Danse-du-Feu-1000x600.jpg",1000,600,true],"woocommerce_archive_thumbnail":["https:\/\/pfingstrosen-paradies.de\/wp-content\/uploads\/Danse-du-Feu-400x350.jpg",400,350,true],"woocommerce_thumbnail":["https:\/\/pfingstrosen-paradies.de\/wp-content\/uploads\/Danse-du-Feu-400x350.jpg",400,350,true],"woocommerce_single":["https:\/\/pfingstrosen-paradies.de\/wp-content\/uploads\/Danse-du-Feu-1200x900.jpg",1200,900,true],"woocommerce_gallery_thumbnail":["https:\/\/pfingstrosen-paradies.de\/wp-content\/uploads\/Danse-du-Feu-100x100.jpg",100,100,true]},"post_excerpt_stackable_v2":"<p>Diese neue Itoh-Hybride des franz\u00f6sischen Z\u00fcchters Thierry Rat besticht durch ihre wundersch\u00f6ne mehrfarbig gef\u00fcllte Bl\u00fcte. Diese Kreuzung wurde 2007 vorgenommen und bl\u00fchte im Jahr 2012 zum ersten Mal. Eine Mischung aus apricot-gelb bis rosa machen diese Sorte zu einem absoluten Hingucker. Die Wuchsh\u00f6he betr\u00e4gt 80-90 cm und ist wie bei den Itohs gewohnt absolut standfest. Die Stiele haben 3-4 Seitenknospen. Durchmesser der Bl\u00fcten: 18 cm<\/p>\n","category_list_v2":"","author_info_v2":{"name":"","url":""},"comments_num_v2":"0 comments","yoast_head":"<!-- This site is optimized with the Yoast SEO plugin v27.1.1 - https:\/\/yoast.com\/product\/yoast-seo-wordpress\/ -->\n<title>Paeonia &#039;Danse du Feu&#039; | Pfingstrosen-Paradies Tetzlaff<\/title>\n<meta name=\"description\" content=\"Itoh-Hybriden | Diese neue Itoh-Hybride des franz\u00f6sischen Z\u00fcchters Thierry Rat besticht durch ihre wundersch\u00f6ne mehrfarbig gef\u00fcllte Bl\u00fcte. Diese Kreuzung wurde 2007\" \/>\n<meta name=\"robots\" content=\"index, follow, max-snippet:-1, max-image-preview:large, max-video-preview:-1\" \/>\n<link rel=\"canonical\" href=\"https:\/\/pfingstrosen-paradies.de\/en\/shop\/itoh-hybriden\/danse-du-feu\/\" \/>\n<meta property=\"og:locale\" content=\"en_GB\" \/>\n<meta property=\"og:type\" content=\"article\" \/>\n<meta property=\"og:title\" content=\"Paeonia &#039;Danse du Feu&#039; | Pfingstrosen-Paradies Tetzlaff\" \/>\n<meta property=\"og:description\" content=\"Itoh-Hybriden | Diese neue Itoh-Hybride des franz\u00f6sischen Z\u00fcchters Thierry Rat besticht durch ihre wundersch\u00f6ne mehrfarbig gef\u00fcllte Bl\u00fcte. Diese Kreuzung wurde 2007\" \/>\n<meta property=\"og:url\" content=\"https:\/\/pfingstrosen-paradies.de\/en\/shop\/itoh-hybriden\/danse-du-feu\/\" \/>\n<meta property=\"og:site_name\" content=\"Pfingstrosen-Paradies\" \/>\n<meta property=\"article:modified_time\" content=\"2026-03-28T15:59:31+00:00\" \/>\n<meta property=\"og:image\" content=\"https:\/\/pfingstrosen-paradies.de\/wp-content\/uploads\/Danse-du-Feu.jpg\" \/>\n\t<meta property=\"og:image:width\" content=\"1280\" \/>\n\t<meta property=\"og:image:height\" content=\"960\" \/>\n\t<meta property=\"og:image:type\" content=\"image\/jpeg\" \/>\n<meta name=\"twitter:card\" content=\"summary_large_image\" \/>\n<meta name=\"twitter:label1\" content=\"Estimated reading time\" \/>\n\t<meta name=\"twitter:data1\" content=\"1 minute\" \/>\n<script type=\"application\/ld+json\" class=\"yoast-schema-graph\">{\"@context\":\"https:\/\/schema.org\",\"@graph\":[{\"@type\":\"WebPage\",\"@id\":\"https:\/\/pfingstrosen-paradies.de\/shop\/itoh-hybriden\/danse-du-feu\/\",\"url\":\"https:\/\/pfingstrosen-paradies.de\/shop\/itoh-hybriden\/danse-du-feu\/\",\"name\":\"Paeonia 'Danse du Feu' | Pfingstrosen-Paradies Tetzlaff\",\"isPartOf\":{\"@id\":\"https:\/\/pfingstrosen-paradies.de\/#website\"},\"primaryImageOfPage\":{\"@id\":\"https:\/\/pfingstrosen-paradies.de\/shop\/itoh-hybriden\/danse-du-feu\/#primaryimage\"},\"image\":{\"@id\":\"https:\/\/pfingstrosen-paradies.de\/shop\/itoh-hybriden\/danse-du-feu\/#primaryimage\"},\"thumbnailUrl\":\"https:\/\/pfingstrosen-paradies.de\/wp-content\/uploads\/Danse-du-Feu.jpg\",\"datePublished\":\"2023-02-03T11:32:40+00:00\",\"dateModified\":\"2026-03-28T15:59:31+00:00\",\"description\":\"Itoh-Hybriden | Diese neue Itoh-Hybride des franz\u00f6sischen Z\u00fcchters Thierry Rat besticht durch ihre wundersch\u00f6ne mehrfarbig gef\u00fcllte Bl\u00fcte. Diese Kreuzung wurde 2007\",\"breadcrumb\":{\"@id\":\"https:\/\/pfingstrosen-paradies.de\/shop\/itoh-hybriden\/danse-du-feu\/#breadcrumb\"},\"inLanguage\":\"en-GB\",\"potentialAction\":[{\"@type\":\"ReadAction\",\"target\":[\"https:\/\/pfingstrosen-paradies.de\/shop\/itoh-hybriden\/danse-du-feu\/\"]}]},{\"@type\":\"ImageObject\",\"inLanguage\":\"en-GB\",\"@id\":\"https:\/\/pfingstrosen-paradies.de\/shop\/itoh-hybriden\/danse-du-feu\/#primaryimage\",\"url\":\"https:\/\/pfingstrosen-paradies.de\/wp-content\/uploads\/Danse-du-Feu.jpg\",\"contentUrl\":\"https:\/\/pfingstrosen-paradies.de\/wp-content\/uploads\/Danse-du-Feu.jpg\",\"width\":1280,\"height\":960,\"caption\":\"Danse du Feu\"},{\"@type\":\"BreadcrumbList\",\"@id\":\"https:\/\/pfingstrosen-paradies.de\/shop\/itoh-hybriden\/danse-du-feu\/#breadcrumb\",\"itemListElement\":[{\"@type\":\"ListItem\",\"position\":1,\"name\":\"Start\",\"item\":\"https:\/\/pfingstrosen-paradies.de\/\"},{\"@type\":\"ListItem\",\"position\":2,\"name\":\"Shop\",\"item\":\"https:\/\/pfingstrosen-paradies.de\/shop\/\"},{\"@type\":\"ListItem\",\"position\":3,\"name\":\"Danse du Feu\"}]},{\"@type\":\"WebSite\",\"@id\":\"https:\/\/pfingstrosen-paradies.de\/#website\",\"url\":\"https:\/\/pfingstrosen-paradies.de\/\",\"name\":\"Pfingstrosen-Paradies\",\"description\":\"Fachg\u00e4rtnerei f\u00fcr Pfingstrosen\",\"publisher\":{\"@id\":\"https:\/\/pfingstrosen-paradies.de\/#organization\"},\"potentialAction\":[{\"@type\":\"SearchAction\",\"target\":{\"@type\":\"EntryPoint\",\"urlTemplate\":\"https:\/\/pfingstrosen-paradies.de\/?s={search_term_string}\"},\"query-input\":{\"@type\":\"PropertyValueSpecification\",\"valueRequired\":true,\"valueName\":\"search_term_string\"}}],\"inLanguage\":\"en-GB\"},{\"@type\":\"Organization\",\"@id\":\"https:\/\/pfingstrosen-paradies.de\/#organization\",\"name\":\"Pfingstrosen-Paradies\",\"url\":\"https:\/\/pfingstrosen-paradies.de\/\",\"logo\":{\"@type\":\"ImageObject\",\"inLanguage\":\"en-GB\",\"@id\":\"https:\/\/pfingstrosen-paradies.de\/#\/schema\/logo\/image\/\",\"url\":\"https:\/\/pfingstrosen-paradies.de\/wp-content\/uploads\/2021\/02\/logo-pfingstrosen.png\",\"contentUrl\":\"https:\/\/pfingstrosen-paradies.de\/wp-content\/uploads\/2021\/02\/logo-pfingstrosen.png\",\"width\":1568,\"height\":366,\"caption\":\"Pfingstrosen-Paradies\"},\"image\":{\"@id\":\"https:\/\/pfingstrosen-paradies.de\/#\/schema\/logo\/image\/\"}}]}<\/script>\n<!-- \/ Yoast SEO plugin. -->","yoast_head_json":{"title":"Paeonia 'Danse du Feu' | Pfingstrosen-Paradies Tetzlaff","description":"Itoh-Hybriden | Diese neue Itoh-Hybride des franz\u00f6sischen Z\u00fcchters Thierry Rat besticht durch ihre wundersch\u00f6ne mehrfarbig gef\u00fcllte Bl\u00fcte. Diese Kreuzung wurde 2007","robots":{"index":"index","follow":"follow","max-snippet":"max-snippet:-1","max-image-preview":"max-image-preview:large","max-video-preview":"max-video-preview:-1"},"canonical":"https:\/\/pfingstrosen-paradies.de\/en\/shop\/itoh-hybriden\/danse-du-feu\/","og_locale":"en_GB","og_type":"article","og_title":"Paeonia 'Danse du Feu' | Pfingstrosen-Paradies Tetzlaff","og_description":"Itoh-Hybriden | Diese neue Itoh-Hybride des franz\u00f6sischen Z\u00fcchters Thierry Rat besticht durch ihre wundersch\u00f6ne mehrfarbig gef\u00fcllte Bl\u00fcte. Diese Kreuzung wurde 2007","og_url":"https:\/\/pfingstrosen-paradies.de\/en\/shop\/itoh-hybriden\/danse-du-feu\/","og_site_name":"Pfingstrosen-Paradies","article_modified_time":"2026-03-28T15:59:31+00:00","og_image":[{"width":1280,"height":960,"url":"https:\/\/pfingstrosen-paradies.de\/wp-content\/uploads\/Danse-du-Feu.jpg","type":"image\/jpeg"}],"twitter_card":"summary_large_image","twitter_misc":{"Estimated reading time":"1 minute"},"schema":{"@context":"https:\/\/schema.org","@graph":[{"@type":"WebPage","@id":"https:\/\/pfingstrosen-paradies.de\/shop\/itoh-hybriden\/danse-du-feu\/","url":"https:\/\/pfingstrosen-paradies.de\/shop\/itoh-hybriden\/danse-du-feu\/","name":"Paeonia 'Danse du Feu' | Pfingstrosen-Paradies Tetzlaff","isPartOf":{"@id":"https:\/\/pfingstrosen-paradies.de\/#website"},"primaryImageOfPage":{"@id":"https:\/\/pfingstrosen-paradies.de\/shop\/itoh-hybriden\/danse-du-feu\/#primaryimage"},"image":{"@id":"https:\/\/pfingstrosen-paradies.de\/shop\/itoh-hybriden\/danse-du-feu\/#primaryimage"},"thumbnailUrl":"https:\/\/pfingstrosen-paradies.de\/wp-content\/uploads\/Danse-du-Feu.jpg","datePublished":"2023-02-03T11:32:40+00:00","dateModified":"2026-03-28T15:59:31+00:00","description":"Itoh-Hybriden | Diese neue Itoh-Hybride des franz\u00f6sischen Z\u00fcchters Thierry Rat besticht durch ihre wundersch\u00f6ne mehrfarbig gef\u00fcllte Bl\u00fcte. Diese Kreuzung wurde 2007","breadcrumb":{"@id":"https:\/\/pfingstrosen-paradies.de\/shop\/itoh-hybriden\/danse-du-feu\/#breadcrumb"},"inLanguage":"en-GB","potentialAction":[{"@type":"ReadAction","target":["https:\/\/pfingstrosen-paradies.de\/shop\/itoh-hybriden\/danse-du-feu\/"]}]},{"@type":"ImageObject","inLanguage":"en-GB","@id":"https:\/\/pfingstrosen-paradies.de\/shop\/itoh-hybriden\/danse-du-feu\/#primaryimage","url":"https:\/\/pfingstrosen-paradies.de\/wp-content\/uploads\/Danse-du-Feu.jpg","contentUrl":"https:\/\/pfingstrosen-paradies.de\/wp-content\/uploads\/Danse-du-Feu.jpg","width":1280,"height":960,"caption":"Danse du Feu"},{"@type":"BreadcrumbList","@id":"https:\/\/pfingstrosen-paradies.de\/shop\/itoh-hybriden\/danse-du-feu\/#breadcrumb","itemListElement":[{"@type":"ListItem","position":1,"name":"Start","item":"https:\/\/pfingstrosen-paradies.de\/"},{"@type":"ListItem","position":2,"name":"Shop","item":"https:\/\/pfingstrosen-paradies.de\/shop\/"},{"@type":"ListItem","position":3,"name":"Danse du Feu"}]},{"@type":"WebSite","@id":"https:\/\/pfingstrosen-paradies.de\/#website","url":"https:\/\/pfingstrosen-paradies.de\/","name":"Pfingstrosen-Paradies","description":"Fachg\u00e4rtnerei f\u00fcr Pfingstrosen","publisher":{"@id":"https:\/\/pfingstrosen-paradies.de\/#organization"},"potentialAction":[{"@type":"SearchAction","target":{"@type":"EntryPoint","urlTemplate":"https:\/\/pfingstrosen-paradies.de\/?s={search_term_string}"},"query-input":{"@type":"PropertyValueSpecification","valueRequired":true,"valueName":"search_term_string"}}],"inLanguage":"en-GB"},{"@type":"Organization","@id":"https:\/\/pfingstrosen-paradies.de\/#organization","name":"Pfingstrosen-Paradies","url":"https:\/\/pfingstrosen-paradies.de\/","logo":{"@type":"ImageObject","inLanguage":"en-GB","@id":"https:\/\/pfingstrosen-paradies.de\/#\/schema\/logo\/image\/","url":"https:\/\/pfingstrosen-paradies.de\/wp-content\/uploads\/2021\/02\/logo-pfingstrosen.png","contentUrl":"https:\/\/pfingstrosen-paradies.de\/wp-content\/uploads\/2021\/02\/logo-pfingstrosen.png","width":1568,"height":366,"caption":"Pfingstrosen-Paradies"},"image":{"@id":"https:\/\/pfingstrosen-paradies.de\/#\/schema\/logo\/image\/"}}]}},"_links":{"self":[{"href":"https:\/\/pfingstrosen-paradies.de\/en\/wp-json\/wp\/v2\/product\/9929","targetHints":{"allow":["GET"]}}],"collection":[{"href":"https:\/\/pfingstrosen-paradies.de\/en\/wp-json\/wp\/v2\/product"}],"about":[{"href":"https:\/\/pfingstrosen-paradies.de\/en\/wp-json\/wp\/v2\/types\/product"}],"wp:featuredmedia":[{"embeddable":true,"href":"https:\/\/pfingstrosen-paradies.de\/en\/wp-json\/wp\/v2\/media\/11542"}],"wp:attachment":[{"href":"https:\/\/pfingstrosen-paradies.de\/en\/wp-json\/wp\/v2\/media?parent=9929"}],"wp:term":[{"taxonomy":"product_brand","embeddable":true,"href":"https:\/\/pfingstrosen-paradies.de\/en\/wp-json\/wp\/v2\/product_brand?post=9929"},{"taxonomy":"product_cat","embeddable":true,"href":"https:\/\/pfingstrosen-paradies.de\/en\/wp-json\/wp\/v2\/product_cat?post=9929"},{"taxonomy":"product_tag","embeddable":true,"href":"https:\/\/pfingstrosen-paradies.de\/en\/wp-json\/wp\/v2\/product_tag?post=9929"}],"curies":[{"name":"wp","href":"https:\/\/api.w.org\/{rel}","templated":true}]}}